{"id":35352,"date":"2025-06-07T18:05:25","date_gmt":"2025-06-07T15:05:25","guid":{"rendered":"https:\/\/uus.heba.ee\/toode\/lyferyta-aastaringi-terviseaudit\/"},"modified":"2025-10-07T04:03:01","modified_gmt":"2025-10-07T01:03:01","slug":"aastaringi-terviseaudit-2","status":"publish","type":"product","link":"https:\/\/heba.ee\/en\/product\/aastaringi-terviseaudit-2\/","title":{"rendered":"Aastaringi terviseaudit"},"content":{"rendered":"<p>Aastaringi audit on unikaalne, sest v\u00f5imaldab hinnata, <strong>kuidas Sinu tervis muutub terve aasta v\u00e4ltel<\/strong>.<\/p>\n<p><strong>Aasta jooksul <\/strong>saad kolmel (3) korral tehtud vereanal\u00fc\u00fcsi ja HeBA t\u00f5endusp\u00f5hise tervisek\u00fcsimustiku p\u00f5hjal igakordselt <strong>uueneva, arsti poolt kinnitatud Terviseplaani<\/strong> koos personaalsete soovitustega. \u00dcksik normist erinev anal\u00fc\u00fcs ei ole reeglina p\u00f5hjus muretsemiseks. Aja jooksul p\u00fcsiv k\u00f5rvalekalle vajab <strong>p\u00f5hjalikumat t\u00e4helepanu<\/strong>.<\/p>\n<p><strong style=\"font-size: inherit;\">16 strateegilise v\u00f5tmen\u00e4itajaga <\/strong>(14 universaalset ning 2 personaliseeritud)<strong style=\"font-size: inherit;\"> vereanal\u00fc\u00fcsi d\u00fcnaamilised graafikud <\/strong><span style=\"font-size: inherit;\">aitavad <\/span><strong style=\"font-size: inherit;\">varakult m\u00e4rgata<\/strong><span style=\"font-size: inherit;\"><strong> k\u00f5rvalekaldeid<\/strong>,\u00a0<\/span><span style=\"font-size: inherit;\">mille p\u00f5hjal saab <\/span><strong>t\u00f5endusp\u00f5hiselt <\/strong><span style=\"font-size: inherit;\"><strong>planeerida <\/strong>just Sinu terviseseisundile kohandatud <strong>t\u00e4psemaid uuringuid-anal\u00fc\u00fcse,<\/strong> kui ilmneb vajadus.<\/span><\/p>\n<p><span style=\"font-size: inherit;\">Vereanal\u00fc\u00fcside ja heaoluk\u00fcsimustiku p\u00f5hjal koostab <strong>HeBA arst<\/strong> Sulle tervisejuhtimise plaani ja isiklikud tervisesoovitused.<\/span><\/p>\n<p>Aastaringi terviseaudit sobib Sulle ka, kui soovid hinnata <strong>elustiili m\u00f5ju oma organismile<\/strong>. N\u00e4iteks, kui parandad toitumist, suurendad f\u00fc\u00fcsilist aktiivsust v\u00f5i l\u00e4bid stressirohkemat perioodi ning tahad hinnata, kuidas see Sinu keha m\u00f5jutab. Aasta l\u00f5ikes hindamine aitab <strong>eristada juhuslikke k\u00f5rvalekaldeid<\/strong> <strong>sisulistest probleemidest<\/strong>.<\/p>\n<p>Aastaringi terviseauditit on mugav t\u00e4iendada <strong>spetsiifiliste lisauuringute<\/strong> v\u00f5i ennetusmeditsiini v\u00f5i muu <strong>eriarsti konsultatsiooniga<\/strong> &#8211; just Sinu hetkeseisundit ja vajadusi arvestades. Nii on Sul terve aasta jooksul <strong>tagatud hingerahu<\/strong>, sest muutuste korral saad kiiresti arsti soovitused ning <strong>hoiad kokku raha ja aega<\/strong>, sest Sinu haiguste ennetus on v\u00e4ga personaalne ja sihip\u00e4rane.<\/p>\n<h3><b>Kuidas t\u00f6\u00f6tab?<\/b><\/h3>\n<p>Kolmel korral 1 aasta jooksul:<\/p>\n<ol>\n<li>vereanal\u00fc\u00fcs, tervisek\u00fcsimustik ja Terviseplaan &#8211; stardikuu<\/li>\n<li>vereanal\u00fc\u00fcs, tervisek\u00fcsimustik ja Terviseplaan &#8211; 4.-5. kuu p\u00e4rast<\/li>\n<li>vereanal\u00fc\u00fcs, tervisek\u00fcsimustik ja Terviseplaan &#8211; 9.-11. kuu p\u00e4rast<\/li>\n<\/ol>\n<h3>Mida sisaldab?<\/h3>\n<ol>\n<li><b>P\u00f5hjalik terviseriskide k\u00fcsimustik\u00a0<\/b>(HeBA poolt v\u00e4lja t\u00f6\u00f6tatud teadusp\u00f5hine 360-kraadi tervise enesehinnangu k\u00fcsimustik, mis on aluseks anal\u00fc\u00fcside t\u00f5lgendamisele ja arsti soovituste andmisele. Heaoluk\u00fcsimustiku fookusdimensioonid on:\n<ul>\n<li>liikumine<\/li>\n<li>s\u00fcdametervis<\/li>\n<li>uni ja taastumine<\/li>\n<li>toitumine<\/li>\n<li>vaimne tervis<\/li>\n<li>haigusriskid<\/li>\n<\/ul>\n<\/li>\n<li><strong>Esimene verepaneel<\/strong>\n<ul>\n<li>14 universaalmarkerit\n<ul>\n<li><b>5-osaline hemogramm <\/b>(baasn\u00e4itaja verehaiguste, infektsiooonide, allergia, p\u00f5letike, kasvajate, immuunprobleemide hindamiseks)<\/li>\n<li><strong>Veresuhkur<\/strong> ja <strong>gl\u00fckohemoglobiin<\/strong> (diabeediriski hindamiseks)<\/li>\n<li><b>Vererasvad\u00a0<\/b>(\u00fcldkolesterool, HDL- ehk \u201chea\u201d kolesterool, LDL- ehk \u201chalb\u201d kolesterool, trigl\u00fctseriidid)<\/li>\n<li><b>ALAT <\/b>(maksatervise marker)<\/li>\n<li><b>Kreatiniin <\/b>(neerutervise marker)<\/li>\n<li><b>C-reaktiivne valk <\/b>(p\u00f5letikuliste protsesside marker)<\/li>\n<\/ul>\n<\/li>\n<li>\u00a02 soo ja vanuse j\u00e4rgi kohandatud markerit valikust:\n<ul>\n<li><b>Vitamiin D<\/b><\/li>\n<li><b>Ferritiin<\/b> (rauavarude n\u00e4itaja)<\/li>\n<li><b>TSH<\/b> (kilpn\u00e4\u00e4rme hormoon)<\/li>\n<li><b>Testosteroon<\/b> (meessuguhormoon)<\/li>\n<li><b>PSA<\/b> (eesn\u00e4\u00e4rme marker)<\/li>\n<\/ul>\n<\/li>\n<\/ul>\n<\/li>\n<li><strong>Teine ja kolmas verepaneel\u00a0<\/strong>\n<ul>\n<li style=\"list-style-type: none;\">\n<ul>\n<li><b>5-osaline hemogramm <\/b>(baasn\u00e4itaja verehaiguste, infektsiooonide, allergia, p\u00f5letike, kasvajate, immuunprobleemide hindamiseks)<\/li>\n<li><strong>Veresuhkur <\/strong>(diabeediriski hindamiseks)<\/li>\n<li><b>\u00dcldkolesterool\u00a0<\/b>(kokkuv\u00f5ttev kolesteroolin\u00e4it)<\/li>\n<li><b>ALAT <\/b>(maksatervise marker)<\/li>\n<li><b>Kreatiniin <\/b>(neerutervise marker)<\/li>\n<li><b>C-reaktiivne valk <\/b>(p\u00f5letikuliste protsesside marker)<\/li>\n<\/ul>\n<\/li>\n<\/ul>\n<\/li>\n<li>Aasta jooksul <strong>kolm (3), igakord uuenevat terviseplaani<\/strong>, mis h\u00f5lmavad:\n<ul>\n<li>D\u00fcnaamilisi, ajas toimuunud muutusi kajastavaid <strong>graafikuid ning selgitusi anal\u00fc\u00fcsitud n\u00e4itajate kohta<\/strong><\/li>\n<li>HeBA <strong>ennetusmeditsiini arsti personaalset tagasisidet<\/strong> Sinu terviseseisundile<\/li>\n<li>koos <strong>soovitustega<\/strong>\n<ul>\n<li>kuidas paremini <strong>tervist hoida<\/strong><\/li>\n<li>millistele terviseriskidele <strong>j\u00e4tkut\u00e4helepanu p\u00f6\u00f6rata<\/strong>.<\/li>\n<\/ul>\n<\/li>\n<\/ul>\n<\/li>\n<\/ol>\n<ul>\n<li style=\"list-style-type: none;\">\n<ul>\n<li style=\"list-style-type: none;\"><\/li>\n<\/ul>\n<\/li>\n<\/ul>\n","protected":false},"excerpt":{"rendered":"<p>Soovid oma <strong>tervist j\u00e4lgida kogu aasta v\u00e4ltel <\/strong>ja saada vajadusel t\u00e4iendavad soovitused <strong>kohe, kui midagi olulist muutub? <\/strong><\/p>\n<p>Siis sobib sulle HeBA unikaalne Aastaringi terviseaudit,\u00a0mille korral saad<strong><span style=\"font-size: inherit;\"> 3 (kolmel) korral aastas <\/span><\/strong><span style=\"font-size: inherit;\">strateegiliste n\u00e4itajaga vereanal\u00fc\u00fcsi,<\/span><span style=\"font-size: inherit;\"> heaoluseisundi ja Digiloo andmete anal\u00fc\u00fcsil<\/span><strong><span style=\"font-size: inherit;\"> p\u00f5hineva\u00a0<\/span><\/strong><strong><span style=\"font-size: inherit;\">d\u00fcnaamilise Terviseplaani koos soovitustega<\/span><\/strong><span style=\"font-size: inherit;\">,\u00a0<\/span><\/p>\n<p><span style=\"font-size: inherit;\">Selle p\u00f5hjal saab kiirelt ja <\/span><strong>t\u00f5endusp\u00f5hiselt <\/strong><span style=\"font-size: inherit;\"><strong>planeerida just Sinu terviseseisundile kohandatud<\/strong> t\u00e4psemaid uuringuid-anal\u00fc\u00fcse, kui ilmneb vajadus.<\/span><\/p>\n<blockquote><p><strong>NB! Teenuse eest tasumine 3 (kolmes) osas:<br \/>\n<\/strong>100 + 80 + 60 EUR<br \/>\n<strong>SOODUSHIND 90 + 70 + 55 EUR<\/strong><\/p><\/blockquote>\n<p>&nbsp;<\/p>\n","protected":false},"featured_media":34886,"template":"","meta":{"_acf_changed":false,"inline_featured_image":false,"_uf_show_specific_survey":0,"_uf_disable_surveys":false},"product_brand":[],"product_cat":[194,178,179,174,175,176,177],"product_tag":[180,181,184],"class_list":{"0":"post-35352","1":"product","2":"type-product","3":"status-publish","4":"has-post-thumbnail","6":"product_cat-analysis-packages","7":"product_cat-tervisesportlasele-en","8":"product_cat-ule-60-aastasele-en","9":"product_cat-riskireisijale-en","10":"product_cat-taimetoitlasele-en","11":"product_cat-tervele-inimesele-en","12":"product_cat-terviseauditid-en","13":"product_tag-lyfery-puudub-en","14":"product_tag-mees-en","15":"product_tag-naine-en","16":"pa_vereanaluus-heba-kliinikus-en","17":"pa_vereanaluus-synlab-verevotupunktis-en","19":"first","20":"instock","21":"sale","22":"virtual","23":"purchasable","24":"product-type-simple"},"acf":[],"yoast_head":"<!-- This site is optimized with the Yoast SEO plugin v27.2 - https:\/\/yoast.com\/product\/yoast-seo-wordpress\/ -->\n<title>Aastaringi terviseaudit - HeBA<\/title>\n<meta name=\"robots\" content=\"index, follow, max-snippet:-1, max-image-preview:large, max-video-preview:-1\" \/>\n<link rel=\"canonical\" href=\"https:\/\/heba.ee\/en\/product\/aastaringi-terviseaudit-2\/\" \/>\n<meta property=\"og:locale\" content=\"en_US\" \/>\n<meta property=\"og:type\" content=\"article\" \/>\n<meta property=\"og:title\" content=\"Aastaringi terviseaudit - HeBA\" \/>\n<meta property=\"og:description\" content=\"Soovid oma tervist j\u00e4lgida kogu aasta v\u00e4ltel ja saada vajadusel t\u00e4iendavad soovitused kohe, kui midagi olulist muutub?   Siis sobib sulle HeBA unikaalne Aastaringi terviseaudit,\u00a0mille korral saad 3 (kolmel) korral aastas strateegiliste n\u00e4itajaga vereanal\u00fc\u00fcsi, heaoluseisundi ja Digiloo andmete anal\u00fc\u00fcsil p\u00f5hineva\u00a0d\u00fcnaamilise Terviseplaani koos soovitustega,\u00a0  Selle p\u00f5hjal saab kiirelt ja t\u00f5endusp\u00f5hiselt planeerida just Sinu terviseseisundile kohandatud t\u00e4psemaid uuringuid-anal\u00fc\u00fcse, kui ilmneb vajadus. NB! Teenuse eest tasumine 3 (kolmes) osas: 100 + 80 + 60 EUR SOODUSHIND 90 + 70 + 55 EUR &nbsp;\" \/>\n<meta property=\"og:url\" content=\"https:\/\/heba.ee\/en\/product\/aastaringi-terviseaudit-2\/\" \/>\n<meta property=\"og:site_name\" content=\"HeBA\" \/>\n<meta property=\"article:publisher\" content=\"https:\/\/www.facebook.com\/hebaforyou\" \/>\n<meta property=\"article:modified_time\" content=\"2025-10-07T01:03:01+00:00\" \/>\n<meta property=\"og:image\" content=\"https:\/\/heba.ee\/wp-content\/uploads\/2025\/06\/Aastaringi-tervsieaudit-scaled-1.jpg\" \/>\n\t<meta property=\"og:image:width\" content=\"2560\" \/>\n\t<meta property=\"og:image:height\" content=\"1792\" \/>\n\t<meta property=\"og:image:type\" content=\"image\/jpeg\" \/>\n<meta name=\"twitter:card\" content=\"summary_large_image\" \/>\n<meta name=\"twitter:label1\" content=\"Est. reading time\" \/>\n\t<meta name=\"twitter:data1\" content=\"3 minutes\" \/>\n<script type=\"application\/ld+json\" class=\"yoast-schema-graph\">{\"@context\":\"https:\/\/schema.org\",\"@graph\":[{\"@type\":\"WebPage\",\"@id\":\"https:\/\/heba.ee\/en\/product\/aastaringi-terviseaudit-2\/\",\"url\":\"https:\/\/heba.ee\/en\/product\/aastaringi-terviseaudit-2\/\",\"name\":\"Aastaringi terviseaudit - HeBA\",\"isPartOf\":{\"@id\":\"https:\/\/heba.ee\/en\/#website\"},\"primaryImageOfPage\":{\"@id\":\"https:\/\/heba.ee\/en\/product\/aastaringi-terviseaudit-2\/#primaryimage\"},\"image\":{\"@id\":\"https:\/\/heba.ee\/en\/product\/aastaringi-terviseaudit-2\/#primaryimage\"},\"thumbnailUrl\":\"https:\/\/heba.ee\/wp-content\/uploads\/2025\/06\/Aastaringi-tervsieaudit-scaled-1.jpg\",\"datePublished\":\"2025-06-07T15:05:25+00:00\",\"dateModified\":\"2025-10-07T01:03:01+00:00\",\"breadcrumb\":{\"@id\":\"https:\/\/heba.ee\/en\/product\/aastaringi-terviseaudit-2\/#breadcrumb\"},\"inLanguage\":\"en-US\",\"potentialAction\":[{\"@type\":\"ReadAction\",\"target\":[\"https:\/\/heba.ee\/en\/product\/aastaringi-terviseaudit-2\/\"]}]},{\"@type\":\"ImageObject\",\"inLanguage\":\"en-US\",\"@id\":\"https:\/\/heba.ee\/en\/product\/aastaringi-terviseaudit-2\/#primaryimage\",\"url\":\"https:\/\/heba.ee\/wp-content\/uploads\/2025\/06\/Aastaringi-tervsieaudit-scaled-1.jpg\",\"contentUrl\":\"https:\/\/heba.ee\/wp-content\/uploads\/2025\/06\/Aastaringi-tervsieaudit-scaled-1.jpg\",\"width\":2560,\"height\":1792},{\"@type\":\"BreadcrumbList\",\"@id\":\"https:\/\/heba.ee\/en\/product\/aastaringi-terviseaudit-2\/#breadcrumb\",\"itemListElement\":[{\"@type\":\"ListItem\",\"position\":1,\"name\":\"Home\",\"item\":\"https:\/\/heba.ee\/en\/\"},{\"@type\":\"ListItem\",\"position\":2,\"name\":\"SHOP\",\"item\":\"https:\/\/heba.ee\/en\/shop\/\"},{\"@type\":\"ListItem\",\"position\":3,\"name\":\"Aastaringi terviseaudit\"}]},{\"@type\":\"WebSite\",\"@id\":\"https:\/\/heba.ee\/en\/#website\",\"url\":\"https:\/\/heba.ee\/en\/\",\"name\":\"HeBA\",\"description\":\"HeBA kliinik\",\"publisher\":{\"@id\":\"https:\/\/heba.ee\/en\/#organization\"},\"potentialAction\":[{\"@type\":\"SearchAction\",\"target\":{\"@type\":\"EntryPoint\",\"urlTemplate\":\"https:\/\/heba.ee\/en\/?s={search_term_string}\"},\"query-input\":{\"@type\":\"PropertyValueSpecification\",\"valueRequired\":true,\"valueName\":\"search_term_string\"}}],\"inLanguage\":\"en-US\"},{\"@type\":\"Organization\",\"@id\":\"https:\/\/heba.ee\/en\/#organization\",\"name\":\"HeBA kliinik\",\"url\":\"https:\/\/heba.ee\/en\/\",\"logo\":{\"@type\":\"ImageObject\",\"inLanguage\":\"en-US\",\"@id\":\"https:\/\/heba.ee\/en\/#\/schema\/logo\/image\/\",\"url\":\"https:\/\/heba.ee\/wp-content\/uploads\/2021\/12\/Logo_HeBA_SINU_TERVISEPARTNER_Blue_big-1.png\",\"contentUrl\":\"https:\/\/heba.ee\/wp-content\/uploads\/2021\/12\/Logo_HeBA_SINU_TERVISEPARTNER_Blue_big-1.png\",\"width\":1076,\"height\":400,\"caption\":\"HeBA kliinik\"},\"image\":{\"@id\":\"https:\/\/heba.ee\/en\/#\/schema\/logo\/image\/\"},\"sameAs\":[\"https:\/\/www.facebook.com\/hebaforyou\"]}]}<\/script>\n<!-- \/ Yoast SEO plugin. -->","yoast_head_json":{"title":"Aastaringi terviseaudit - HeBA","robots":{"index":"index","follow":"follow","max-snippet":"max-snippet:-1","max-image-preview":"max-image-preview:large","max-video-preview":"max-video-preview:-1"},"canonical":"https:\/\/heba.ee\/en\/product\/aastaringi-terviseaudit-2\/","og_locale":"en_US","og_type":"article","og_title":"Aastaringi terviseaudit - HeBA","og_description":"Soovid oma tervist j\u00e4lgida kogu aasta v\u00e4ltel ja saada vajadusel t\u00e4iendavad soovitused kohe, kui midagi olulist muutub?   Siis sobib sulle HeBA unikaalne Aastaringi terviseaudit,\u00a0mille korral saad 3 (kolmel) korral aastas strateegiliste n\u00e4itajaga vereanal\u00fc\u00fcsi, heaoluseisundi ja Digiloo andmete anal\u00fc\u00fcsil p\u00f5hineva\u00a0d\u00fcnaamilise Terviseplaani koos soovitustega,\u00a0  Selle p\u00f5hjal saab kiirelt ja t\u00f5endusp\u00f5hiselt planeerida just Sinu terviseseisundile kohandatud t\u00e4psemaid uuringuid-anal\u00fc\u00fcse, kui ilmneb vajadus. NB! Teenuse eest tasumine 3 (kolmes) osas: 100 + 80 + 60 EUR SOODUSHIND 90 + 70 + 55 EUR &nbsp;","og_url":"https:\/\/heba.ee\/en\/product\/aastaringi-terviseaudit-2\/","og_site_name":"HeBA","article_publisher":"https:\/\/www.facebook.com\/hebaforyou","article_modified_time":"2025-10-07T01:03:01+00:00","og_image":[{"width":2560,"height":1792,"url":"https:\/\/heba.ee\/wp-content\/uploads\/2025\/06\/Aastaringi-tervsieaudit-scaled-1.jpg","type":"image\/jpeg"}],"twitter_card":"summary_large_image","twitter_misc":{"Est. reading time":"3 minutes"},"schema":{"@context":"https:\/\/schema.org","@graph":[{"@type":"WebPage","@id":"https:\/\/heba.ee\/en\/product\/aastaringi-terviseaudit-2\/","url":"https:\/\/heba.ee\/en\/product\/aastaringi-terviseaudit-2\/","name":"Aastaringi terviseaudit - HeBA","isPartOf":{"@id":"https:\/\/heba.ee\/en\/#website"},"primaryImageOfPage":{"@id":"https:\/\/heba.ee\/en\/product\/aastaringi-terviseaudit-2\/#primaryimage"},"image":{"@id":"https:\/\/heba.ee\/en\/product\/aastaringi-terviseaudit-2\/#primaryimage"},"thumbnailUrl":"https:\/\/heba.ee\/wp-content\/uploads\/2025\/06\/Aastaringi-tervsieaudit-scaled-1.jpg","datePublished":"2025-06-07T15:05:25+00:00","dateModified":"2025-10-07T01:03:01+00:00","breadcrumb":{"@id":"https:\/\/heba.ee\/en\/product\/aastaringi-terviseaudit-2\/#breadcrumb"},"inLanguage":"en-US","potentialAction":[{"@type":"ReadAction","target":["https:\/\/heba.ee\/en\/product\/aastaringi-terviseaudit-2\/"]}]},{"@type":"ImageObject","inLanguage":"en-US","@id":"https:\/\/heba.ee\/en\/product\/aastaringi-terviseaudit-2\/#primaryimage","url":"https:\/\/heba.ee\/wp-content\/uploads\/2025\/06\/Aastaringi-tervsieaudit-scaled-1.jpg","contentUrl":"https:\/\/heba.ee\/wp-content\/uploads\/2025\/06\/Aastaringi-tervsieaudit-scaled-1.jpg","width":2560,"height":1792},{"@type":"BreadcrumbList","@id":"https:\/\/heba.ee\/en\/product\/aastaringi-terviseaudit-2\/#breadcrumb","itemListElement":[{"@type":"ListItem","position":1,"name":"Home","item":"https:\/\/heba.ee\/en\/"},{"@type":"ListItem","position":2,"name":"SHOP","item":"https:\/\/heba.ee\/en\/shop\/"},{"@type":"ListItem","position":3,"name":"Aastaringi terviseaudit"}]},{"@type":"WebSite","@id":"https:\/\/heba.ee\/en\/#website","url":"https:\/\/heba.ee\/en\/","name":"HeBA","description":"HeBA kliinik","publisher":{"@id":"https:\/\/heba.ee\/en\/#organization"},"potentialAction":[{"@type":"SearchAction","target":{"@type":"EntryPoint","urlTemplate":"https:\/\/heba.ee\/en\/?s={search_term_string}"},"query-input":{"@type":"PropertyValueSpecification","valueRequired":true,"valueName":"search_term_string"}}],"inLanguage":"en-US"},{"@type":"Organization","@id":"https:\/\/heba.ee\/en\/#organization","name":"HeBA kliinik","url":"https:\/\/heba.ee\/en\/","logo":{"@type":"ImageObject","inLanguage":"en-US","@id":"https:\/\/heba.ee\/en\/#\/schema\/logo\/image\/","url":"https:\/\/heba.ee\/wp-content\/uploads\/2021\/12\/Logo_HeBA_SINU_TERVISEPARTNER_Blue_big-1.png","contentUrl":"https:\/\/heba.ee\/wp-content\/uploads\/2021\/12\/Logo_HeBA_SINU_TERVISEPARTNER_Blue_big-1.png","width":1076,"height":400,"caption":"HeBA kliinik"},"image":{"@id":"https:\/\/heba.ee\/en\/#\/schema\/logo\/image\/"},"sameAs":["https:\/\/www.facebook.com\/hebaforyou"]}]}},"_links":{"self":[{"href":"https:\/\/heba.ee\/en\/wp-json\/wp\/v2\/product\/35352","targetHints":{"allow":["GET"]}}],"collection":[{"href":"https:\/\/heba.ee\/en\/wp-json\/wp\/v2\/product"}],"about":[{"href":"https:\/\/heba.ee\/en\/wp-json\/wp\/v2\/types\/product"}],"wp:featuredmedia":[{"embeddable":true,"href":"https:\/\/heba.ee\/en\/wp-json\/wp\/v2\/media\/34886"}],"wp:attachment":[{"href":"https:\/\/heba.ee\/en\/wp-json\/wp\/v2\/media?parent=35352"}],"wp:term":[{"taxonomy":"product_brand","embeddable":true,"href":"https:\/\/heba.ee\/en\/wp-json\/wp\/v2\/product_brand?post=35352"},{"taxonomy":"product_cat","embeddable":true,"href":"https:\/\/heba.ee\/en\/wp-json\/wp\/v2\/product_cat?post=35352"},{"taxonomy":"product_tag","embeddable":true,"href":"https:\/\/heba.ee\/en\/wp-json\/wp\/v2\/product_tag?post=35352"}],"curies":[{"name":"wp","href":"https:\/\/api.w.org\/{rel}","templated":true}]}}