{"id":35343,"date":"2025-06-07T18:10:44","date_gmt":"2025-06-07T15:10:44","guid":{"rendered":"https:\/\/uus.heba.ee\/?post_type=product&#038;p=35343"},"modified":"2025-07-08T23:20:52","modified_gmt":"2025-07-08T20:20:52","slug":"pohjalik-analuusipakett","status":"publish","type":"product","link":"https:\/\/heba.ee\/en\/product\/pohjalik-analuusipakett\/","title":{"rendered":"Thorough package of analyses"},"content":{"rendered":"<h3><b>What is included in the analysis package?<\/b><\/h3>\n<p>The package provides a comprehensive overview of your body&#8217;s condition &#8211; the indicators that affect <strong>your daily well-being <\/strong>, as well as those that determine <strong>your long-term risk of disease<\/strong>. The results will be reported by <strong>a HeBA doctor<\/strong>, who will draw up <strong>a personalised Health Plan<\/strong> that takes account of your health: <\/p>\n<ul>\n<li><strong>30 indicators analysed<\/strong> and <strong>over 100 relationships between them<\/strong>;<\/li>\n<li>Your <strong>medical history in Digiloo<\/strong> (diagnoses, operations, medical check-ups, medicines taken).<\/li>\n<\/ul>\n<p>Doctors can use <strong>artificial intelligence (AI) analytics to help<\/strong> ensure that nothing is overlooked. <strong>Your health is a whole and highly individual<\/strong>, which is why HeBA&#8217;s laboratory analysis packages are always more than just explanations of normal or abnormal laboratory test results.<\/p>\n<h3><strong>Read more<\/strong> about the individual analyses included in the package:<\/h3>\n<ul>\n<li><b>General health, energy levels and vitamins<\/b>\n<ul>\n<li><b>A general blood test (haemogram):<\/b><span style=\"font-weight: 400;\"> gives an overview of the status of red and white blood cells and platelets &#8211; important in assessing the immune system, oxygen transport and general health.<\/span><\/li>\n<li><b>Vitamin B12 (cyanocobalamin):<\/b><span style=\"font-weight: 400;\"> Helps to assess the state of the nervous system and the haematopoietic system; vitamin B12 deficiency can cause fatigue, memory problems, mood disorders.<\/span><\/li>\n<li><b>Vitamin B9 (folic acid or folate):<\/b><span style=\"font-weight: 400;\">  necessary for red blood cell growth and division. Particularly important in pregnancy planning. <\/span><\/li>\n<li><b>Vitamin D:<\/b><span style=\"font-weight: 400;\"> essential for immune and bone health; often deficient in northern countries.<\/span><\/li>\n<li><strong>Ferritin: <\/strong>helps to assess the status of iron stores. Low ferritin often indicates iron deficiency before anaemia (low haemoglobin) occurs; elevated levels may indicate inflammation or chronic disease. <\/li>\n<\/ul>\n<\/li>\n<li><strong>Blood sugar and metabolism  <\/strong>\n<ul>\n<li><b>Fasting glucose:<\/b><span style=\"font-weight: 400;\">  shows fasting blood glucose, an important marker of blood glucose metabolism. Fasting glucose abnormalities can help detect an increased risk of diabetes early. <\/span><span style=\"font-weight: 400;\"><br \/>\n<\/span><\/li>\n<li><b>Glucohaemoglobin (HbA1c):<\/b><span style=\"font-weight: 400;\"> indicates the average blood glucose level over the past 2-3 months &#8211; another important marker for detecting diabetes and assessing risk.<\/span><span style=\"font-weight: 400;\"><br \/>\n<\/span><\/li>\n<\/ul>\n<\/li>\n<li><b>Heart and vascular health<\/b>\n<ul>\n<li><b>Total cholesterol<\/b><strong>:<\/strong> the amount of total cholesterol in the blood. Important in assessing risk of cardiovascular disease. <\/li>\n<li><b>LDL or &#8220;bad&#8221; cholesterol: <\/b>contributes to the formation of atherosclerosis, which in turn increases the risk of cardiovascular disease (including heart attack, stroke).<\/li>\n<li><b>HDL or &#8220;good&#8221; cholesterol: <\/b>transfers cholesterol from arteries to the liver, thus providing some protection against cardiovascular disease.<\/li>\n<li><strong>Non-HDL cholesterol:<\/strong> contains all the blood vessel damaging lipoproteins (LDL, VLDL, IDL and lipoprotein A). Stronger predictor of heart disease than LDL cholesterol alone. <\/li>\n<li><b>Triglycerides: <\/b>a blood fat with high levels that increase the risk of heart disease.<span style=\"font-weight: 400;\"><br \/>\n<\/span><\/li>\n<li><b>CRV (C-reactive protein):<\/b><span style=\"font-weight: 400;\"> A universal marker of inflammation &#8211; helps to assess hidden inflammatory processes that can contribute to heart disease and other chronic conditions.<\/span><span style=\"font-weight: 400;\"><br \/>\n<\/span><\/li>\n<\/ul>\n<\/li>\n<li><b>Liver and kidneys<\/b>\n<ul>\n<li><strong data-start=\"223\" data-end=\"259\">ALAT (alanine aminotransferase): <\/strong>an enzyme found mainly in the liver, elevated levels of <strong data-start=\"223\" data-end=\"259\">ALAT <\/strong>often indicate damage to liver cells. Elevated levels may be associated with liver inflammation (e.g. viral hepatitis), alcohol, fatty liver, drug effects or tumours. <\/li>\n<li><strong data-start=\"493\" data-end=\"531\">ASAT (aspartate aminotransferase): <\/strong>an enzyme present in the muscles and heart as well as the liver, so elevated <strong data-start=\"493\" data-end=\"531\">ASAT <\/strong>is not always associated with liver disease. If ASAT is elevated along with ALAT, this may indicate liver inflammation, alcoholic liver damage or liver blood supply disorders. <\/li>\n<li><strong data-start=\"779\" data-end=\"808\">ALP (alkaline phosphatase): <\/strong>an enzyme found in the liver and bones, elevated levels of <strong data-start=\"779\" data-end=\"808\">ALP <\/strong>may indicate bile duct disorders (e.g. gallstones, bile duct inflammation) or, less commonly, bone disease. Together with GGT, it helps to distinguish whether the cause is in the liver or in the bones. <\/li>\n<li><strong data-start=\"1017\" data-end=\"1052\">GGT (gamma-glutamyl transferase): <\/strong>a sensitive indicator of liver function, particularly sensitive to alcohol, drugs and biliary problems. An elevated value may indicate alcoholic liver damage, chronic liver inflammation or biliary obstruction. <\/li>\n<li><b>Creatinine:<\/b><span style=\"font-weight: 400;\"> A key indicator of kidney function, also influenced by muscle mass and fluid balance.<\/span><\/li>\n<\/ul>\n<\/li>\n<\/ul>\n","protected":false},"excerpt":{"rendered":"<p><span style=\"font-weight: 400;\">Are you 30+ and fast-paced? Or are you making a lifestyle change and want to assess the results? The HeBA analysis package is designed for you &#8211; the professional, the manager, the entrepreneur or the active lifestyle person who wants to <strong>monitor<\/strong> their <strong>health wisely and manage their risk of disease<\/strong>.  <\/span><\/p>\n<p><strong>The HeBA clinic specialises in disease prevention.<\/strong><span style=\"font-weight: 400;\">  Our aim is not only to identify diseases, but also to give you the tools and knowledge to prevent them.<\/span><\/p>\n<p>All HeBA clients will<span style=\"font-weight: 400;\">always receive <strong>a doctor-approved personalised health plan<\/strong> that takes into account the answers to the HeBA <strong>evidence-based health questionnaire<\/strong> and <strong>all previous Digiloo data<\/strong>, because <strong>health is a whole<\/strong>, not just a set of analytical indicators.<\/span><\/p>\n","protected":false},"featured_media":34889,"template":"","meta":{"_acf_changed":false,"inline_featured_image":false,"_uf_show_specific_survey":0,"_uf_disable_surveys":false},"product_brand":[],"product_cat":[194,178,182,185,186,191,174,175,176],"product_tag":[184,180,181],"class_list":{"0":"post-35343","1":"product","2":"type-product","3":"status-publish","4":"has-post-thumbnail","6":"product_cat-analysis-packages","7":"product_cat-tervisesportlasele-en","8":"product_cat-eripakkumised-en","9":"product_cat-tasakaal-en","10":"product_cat-alkoholi-moju-en","11":"product_cat-toostress-en","12":"product_cat-riskireisijale-en","13":"product_cat-taimetoitlasele-en","14":"product_cat-tervele-inimesele-en","15":"product_tag-naine-en","16":"product_tag-lyfery-puudub-en","17":"product_tag-mees-en","18":"pa_vereanaluus-heba-kliinikus-en","19":"pa_vereanaluus-synlab-verevotupunktis-en","21":"first","22":"instock","23":"sale","24":"virtual","25":"purchasable","26":"product-type-simple"},"acf":[],"yoast_head":"<!-- This site is optimized with the Yoast SEO plugin v27.2 - https:\/\/yoast.com\/product\/yoast-seo-wordpress\/ -->\n<title>Thorough package of analyses - HeBA<\/title>\n<meta name=\"robots\" content=\"index, follow, max-snippet:-1, max-image-preview:large, max-video-preview:-1\" \/>\n<link rel=\"canonical\" href=\"https:\/\/heba.ee\/en\/product\/pohjalik-analuusipakett\/\" \/>\n<meta property=\"og:locale\" content=\"en_US\" \/>\n<meta property=\"og:type\" content=\"article\" \/>\n<meta property=\"og:title\" content=\"Thorough package of analyses - HeBA\" \/>\n<meta property=\"og:description\" content=\"Are you 30+ and fast-paced? Or are you making a lifestyle change and want to assess the results? The HeBA analysis package is designed for you - the professional, the manager, the entrepreneur or the active lifestyle person who wants to monitor their health wisely and manage their risk of disease.  The HeBA clinic specialises in disease prevention. Our aim is not only to identify diseases, but also to give you the tools and knowledge to prevent them. All HeBA clients willalways receive a doctor-approved personalised health plan that takes into account the answers to the HeBA evidence-based health questionnaire and all previous Digiloo data, because health is a whole, not just a set of analytical indicators.\" \/>\n<meta property=\"og:url\" content=\"https:\/\/heba.ee\/en\/product\/pohjalik-analuusipakett\/\" \/>\n<meta property=\"og:site_name\" content=\"HeBA\" \/>\n<meta property=\"article:publisher\" content=\"https:\/\/www.facebook.com\/hebaforyou\" \/>\n<meta property=\"article:modified_time\" content=\"2025-07-08T20:20:52+00:00\" \/>\n<meta property=\"og:image\" content=\"https:\/\/heba.ee\/wp-content\/uploads\/2025\/06\/HeBA-kliinik-pohjalik-analuusipakett-Lyfery-scaled-1.jpg\" \/>\n\t<meta property=\"og:image:width\" content=\"2560\" \/>\n\t<meta property=\"og:image:height\" content=\"1709\" \/>\n\t<meta property=\"og:image:type\" content=\"image\/jpeg\" \/>\n<meta name=\"twitter:card\" content=\"summary_large_image\" \/>\n<meta name=\"twitter:label1\" content=\"Est. reading time\" \/>\n\t<meta name=\"twitter:data1\" content=\"3 minutes\" \/>\n<script type=\"application\/ld+json\" class=\"yoast-schema-graph\">{\"@context\":\"https:\/\/schema.org\",\"@graph\":[{\"@type\":\"WebPage\",\"@id\":\"https:\/\/heba.ee\/en\/product\/pohjalik-analuusipakett\/\",\"url\":\"https:\/\/heba.ee\/en\/product\/pohjalik-analuusipakett\/\",\"name\":\"Thorough package of analyses - HeBA\",\"isPartOf\":{\"@id\":\"https:\/\/heba.ee\/en\/#website\"},\"primaryImageOfPage\":{\"@id\":\"https:\/\/heba.ee\/en\/product\/pohjalik-analuusipakett\/#primaryimage\"},\"image\":{\"@id\":\"https:\/\/heba.ee\/en\/product\/pohjalik-analuusipakett\/#primaryimage\"},\"thumbnailUrl\":\"https:\/\/heba.ee\/wp-content\/uploads\/2025\/06\/HeBA-kliinik-pohjalik-analuusipakett-Lyfery-scaled-1.jpg\",\"datePublished\":\"2025-06-07T15:10:44+00:00\",\"dateModified\":\"2025-07-08T20:20:52+00:00\",\"breadcrumb\":{\"@id\":\"https:\/\/heba.ee\/en\/product\/pohjalik-analuusipakett\/#breadcrumb\"},\"inLanguage\":\"en-US\",\"potentialAction\":[{\"@type\":\"ReadAction\",\"target\":[\"https:\/\/heba.ee\/en\/product\/pohjalik-analuusipakett\/\"]}]},{\"@type\":\"ImageObject\",\"inLanguage\":\"en-US\",\"@id\":\"https:\/\/heba.ee\/en\/product\/pohjalik-analuusipakett\/#primaryimage\",\"url\":\"https:\/\/heba.ee\/wp-content\/uploads\/2025\/06\/HeBA-kliinik-pohjalik-analuusipakett-Lyfery-scaled-1.jpg\",\"contentUrl\":\"https:\/\/heba.ee\/wp-content\/uploads\/2025\/06\/HeBA-kliinik-pohjalik-analuusipakett-Lyfery-scaled-1.jpg\",\"width\":2560,\"height\":1709},{\"@type\":\"BreadcrumbList\",\"@id\":\"https:\/\/heba.ee\/en\/product\/pohjalik-analuusipakett\/#breadcrumb\",\"itemListElement\":[{\"@type\":\"ListItem\",\"position\":1,\"name\":\"Home\",\"item\":\"https:\/\/heba.ee\/en\/\"},{\"@type\":\"ListItem\",\"position\":2,\"name\":\"SHOP\",\"item\":\"https:\/\/heba.ee\/en\/shop\/\"},{\"@type\":\"ListItem\",\"position\":3,\"name\":\"P\u00f5hjalik anal\u00fc\u00fcsipakett\"}]},{\"@type\":\"WebSite\",\"@id\":\"https:\/\/heba.ee\/en\/#website\",\"url\":\"https:\/\/heba.ee\/en\/\",\"name\":\"HeBA\",\"description\":\"HeBA kliinik\",\"publisher\":{\"@id\":\"https:\/\/heba.ee\/en\/#organization\"},\"potentialAction\":[{\"@type\":\"SearchAction\",\"target\":{\"@type\":\"EntryPoint\",\"urlTemplate\":\"https:\/\/heba.ee\/en\/?s={search_term_string}\"},\"query-input\":{\"@type\":\"PropertyValueSpecification\",\"valueRequired\":true,\"valueName\":\"search_term_string\"}}],\"inLanguage\":\"en-US\"},{\"@type\":\"Organization\",\"@id\":\"https:\/\/heba.ee\/en\/#organization\",\"name\":\"HeBA kliinik\",\"url\":\"https:\/\/heba.ee\/en\/\",\"logo\":{\"@type\":\"ImageObject\",\"inLanguage\":\"en-US\",\"@id\":\"https:\/\/heba.ee\/en\/#\/schema\/logo\/image\/\",\"url\":\"https:\/\/heba.ee\/wp-content\/uploads\/2021\/12\/Logo_HeBA_SINU_TERVISEPARTNER_Blue_big-1.png\",\"contentUrl\":\"https:\/\/heba.ee\/wp-content\/uploads\/2021\/12\/Logo_HeBA_SINU_TERVISEPARTNER_Blue_big-1.png\",\"width\":1076,\"height\":400,\"caption\":\"HeBA kliinik\"},\"image\":{\"@id\":\"https:\/\/heba.ee\/en\/#\/schema\/logo\/image\/\"},\"sameAs\":[\"https:\/\/www.facebook.com\/hebaforyou\"]}]}<\/script>\n<!-- \/ Yoast SEO plugin. -->","yoast_head_json":{"title":"Thorough package of analyses - HeBA","robots":{"index":"index","follow":"follow","max-snippet":"max-snippet:-1","max-image-preview":"max-image-preview:large","max-video-preview":"max-video-preview:-1"},"canonical":"https:\/\/heba.ee\/en\/product\/pohjalik-analuusipakett\/","og_locale":"en_US","og_type":"article","og_title":"Thorough package of analyses - HeBA","og_description":"Are you 30+ and fast-paced? Or are you making a lifestyle change and want to assess the results? The HeBA analysis package is designed for you - the professional, the manager, the entrepreneur or the active lifestyle person who wants to monitor their health wisely and manage their risk of disease.  The HeBA clinic specialises in disease prevention. Our aim is not only to identify diseases, but also to give you the tools and knowledge to prevent them. All HeBA clients willalways receive a doctor-approved personalised health plan that takes into account the answers to the HeBA evidence-based health questionnaire and all previous Digiloo data, because health is a whole, not just a set of analytical indicators.","og_url":"https:\/\/heba.ee\/en\/product\/pohjalik-analuusipakett\/","og_site_name":"HeBA","article_publisher":"https:\/\/www.facebook.com\/hebaforyou","article_modified_time":"2025-07-08T20:20:52+00:00","og_image":[{"width":2560,"height":1709,"url":"https:\/\/heba.ee\/wp-content\/uploads\/2025\/06\/HeBA-kliinik-pohjalik-analuusipakett-Lyfery-scaled-1.jpg","type":"image\/jpeg"}],"twitter_card":"summary_large_image","twitter_misc":{"Est. reading time":"3 minutes"},"schema":{"@context":"https:\/\/schema.org","@graph":[{"@type":"WebPage","@id":"https:\/\/heba.ee\/en\/product\/pohjalik-analuusipakett\/","url":"https:\/\/heba.ee\/en\/product\/pohjalik-analuusipakett\/","name":"Thorough package of analyses - HeBA","isPartOf":{"@id":"https:\/\/heba.ee\/en\/#website"},"primaryImageOfPage":{"@id":"https:\/\/heba.ee\/en\/product\/pohjalik-analuusipakett\/#primaryimage"},"image":{"@id":"https:\/\/heba.ee\/en\/product\/pohjalik-analuusipakett\/#primaryimage"},"thumbnailUrl":"https:\/\/heba.ee\/wp-content\/uploads\/2025\/06\/HeBA-kliinik-pohjalik-analuusipakett-Lyfery-scaled-1.jpg","datePublished":"2025-06-07T15:10:44+00:00","dateModified":"2025-07-08T20:20:52+00:00","breadcrumb":{"@id":"https:\/\/heba.ee\/en\/product\/pohjalik-analuusipakett\/#breadcrumb"},"inLanguage":"en-US","potentialAction":[{"@type":"ReadAction","target":["https:\/\/heba.ee\/en\/product\/pohjalik-analuusipakett\/"]}]},{"@type":"ImageObject","inLanguage":"en-US","@id":"https:\/\/heba.ee\/en\/product\/pohjalik-analuusipakett\/#primaryimage","url":"https:\/\/heba.ee\/wp-content\/uploads\/2025\/06\/HeBA-kliinik-pohjalik-analuusipakett-Lyfery-scaled-1.jpg","contentUrl":"https:\/\/heba.ee\/wp-content\/uploads\/2025\/06\/HeBA-kliinik-pohjalik-analuusipakett-Lyfery-scaled-1.jpg","width":2560,"height":1709},{"@type":"BreadcrumbList","@id":"https:\/\/heba.ee\/en\/product\/pohjalik-analuusipakett\/#breadcrumb","itemListElement":[{"@type":"ListItem","position":1,"name":"Home","item":"https:\/\/heba.ee\/en\/"},{"@type":"ListItem","position":2,"name":"SHOP","item":"https:\/\/heba.ee\/en\/shop\/"},{"@type":"ListItem","position":3,"name":"P\u00f5hjalik anal\u00fc\u00fcsipakett"}]},{"@type":"WebSite","@id":"https:\/\/heba.ee\/en\/#website","url":"https:\/\/heba.ee\/en\/","name":"HeBA","description":"HeBA kliinik","publisher":{"@id":"https:\/\/heba.ee\/en\/#organization"},"potentialAction":[{"@type":"SearchAction","target":{"@type":"EntryPoint","urlTemplate":"https:\/\/heba.ee\/en\/?s={search_term_string}"},"query-input":{"@type":"PropertyValueSpecification","valueRequired":true,"valueName":"search_term_string"}}],"inLanguage":"en-US"},{"@type":"Organization","@id":"https:\/\/heba.ee\/en\/#organization","name":"HeBA kliinik","url":"https:\/\/heba.ee\/en\/","logo":{"@type":"ImageObject","inLanguage":"en-US","@id":"https:\/\/heba.ee\/en\/#\/schema\/logo\/image\/","url":"https:\/\/heba.ee\/wp-content\/uploads\/2021\/12\/Logo_HeBA_SINU_TERVISEPARTNER_Blue_big-1.png","contentUrl":"https:\/\/heba.ee\/wp-content\/uploads\/2021\/12\/Logo_HeBA_SINU_TERVISEPARTNER_Blue_big-1.png","width":1076,"height":400,"caption":"HeBA kliinik"},"image":{"@id":"https:\/\/heba.ee\/en\/#\/schema\/logo\/image\/"},"sameAs":["https:\/\/www.facebook.com\/hebaforyou"]}]}},"_links":{"self":[{"href":"https:\/\/heba.ee\/en\/wp-json\/wp\/v2\/product\/35343","targetHints":{"allow":["GET"]}}],"collection":[{"href":"https:\/\/heba.ee\/en\/wp-json\/wp\/v2\/product"}],"about":[{"href":"https:\/\/heba.ee\/en\/wp-json\/wp\/v2\/types\/product"}],"wp:featuredmedia":[{"embeddable":true,"href":"https:\/\/heba.ee\/en\/wp-json\/wp\/v2\/media\/34889"}],"wp:attachment":[{"href":"https:\/\/heba.ee\/en\/wp-json\/wp\/v2\/media?parent=35343"}],"wp:term":[{"taxonomy":"product_brand","embeddable":true,"href":"https:\/\/heba.ee\/en\/wp-json\/wp\/v2\/product_brand?post=35343"},{"taxonomy":"product_cat","embeddable":true,"href":"https:\/\/heba.ee\/en\/wp-json\/wp\/v2\/product_cat?post=35343"},{"taxonomy":"product_tag","embeddable":true,"href":"https:\/\/heba.ee\/en\/wp-json\/wp\/v2\/product_tag?post=35343"}],"curies":[{"name":"wp","href":"https:\/\/api.w.org\/{rel}","templated":true}]}}