{"id":9895,"date":"2021-10-28T14:03:57","date_gmt":"2021-10-28T14:03:57","guid":{"rendered":"https:\/\/uus.heba.ee\/?page_id=9895"},"modified":"2021-10-28T14:07:56","modified_gmt":"2021-10-28T14:07:56","slug":"unetervise-tootuba-ettevottele","status":"publish","type":"page","link":"https:\/\/heba.ee\/en\/unetervise-tootuba-ettevottele\/","title":{"rendered":"Unetervise t\u00f6\u00f6tuba ettev\u00f5ttele"},"content":{"rendered":"\t\t<div data-elementor-type=\"wp-page\" data-elementor-id=\"9895\" class=\"elementor elementor-9895 elementor-9890\" data-elementor-post-type=\"page\">\n\t\t\t\t\t\t<section class=\"elementor-section elementor-top-section elementor-element elementor-element-90b6b16 elementor-section-full_width elementor-section-stretched elementor-section-height-default elementor-section-height-default\" data-id=\"90b6b16\" data-element_type=\"section\" data-e-type=\"section\" data-settings=\"{&quot;background_background&quot;:&quot;classic&quot;,&quot;stretch_section&quot;:&quot;section-stretched&quot;,&quot;jet_parallax_layout_list&quot;:[]}\">\n\t\t\t\t\t\t\t<div class=\"elementor-background-overlay\"><\/div>\n\t\t\t\t\t\t\t<div class=\"elementor-container elementor-column-gap-default\">\n\t\t\t\t\t<div class=\"elementor-column elementor-col-100 elementor-top-column elementor-element elementor-element-bed8321\" data-id=\"bed8321\" data-element_type=\"column\" data-e-type=\"column\" data-settings=\"{&quot;background_background&quot;:&quot;gradient&quot;}\">\n\t\t\t<div class=\"elementor-widget-wrap elementor-element-populated\">\n\t\t\t\t\t<div class=\"elementor-background-overlay\"><\/div>\n\t\t\t\t\t\t<section class=\"elementor-section elementor-inner-section elementor-element elementor-element-d2595bf elementor-section-boxed elementor-section-height-default elementor-section-height-default\" data-id=\"d2595bf\" data-element_type=\"section\" data-e-type=\"section\" data-settings=\"{&quot;jet_parallax_layout_list&quot;:[]}\">\n\t\t\t\t\t\t<div class=\"elementor-container elementor-column-gap-default\">\n\t\t\t\t\t\t<\/div>\n\t\t<\/section>\n\t\t\t\t<div class=\"elementor-element elementor-element-c9f4bb4 elementor-widget elementor-widget-heading\" data-id=\"c9f4bb4\" data-element_type=\"widget\" data-e-type=\"widget\" data-widget_type=\"heading.default\">\n\t\t\t\t<div class=\"elementor-widget-container\">\n\t\t\t\t\t<h1 class=\"elementor-heading-title elementor-size-xl\">Sleep Health Workshop\nfor Employer<\/h1>\t\t\t\t<\/div>\n\t\t\t\t<\/div>\n\t\t\t\t<section class=\"elementor-section elementor-inner-section elementor-element elementor-element-658544f elementor-section-boxed elementor-section-height-default elementor-section-height-default\" data-id=\"658544f\" data-element_type=\"section\" data-e-type=\"section\" data-settings=\"{&quot;jet_parallax_layout_list&quot;:[]}\">\n\t\t\t\t\t\t<div class=\"elementor-container elementor-column-gap-default\">\n\t\t\t\t\t<div class=\"elementor-column elementor-col-50 elementor-inner-column elementor-element elementor-element-74d7e9b\" data-id=\"74d7e9b\" data-element_type=\"column\" data-e-type=\"column\">\n\t\t\t<div class=\"elementor-widget-wrap elementor-element-populated\">\n\t\t\t\t\t\t<div class=\"elementor-element elementor-element-9faf0f1 elementor-widget elementor-widget-image\" data-id=\"9faf0f1\" data-element_type=\"widget\" data-e-type=\"widget\" data-widget_type=\"image.default\">\n\t\t\t\t<div class=\"elementor-widget-container\">\n\t\t\t\t\t\t\t\t\t\t\t\t\t\t\t<img fetchpriority=\"high\" decoding=\"async\" width=\"800\" height=\"598\" src=\"https:\/\/heba.ee\/wp-content\/uploads\/2019\/10\/Untitled.png\" class=\"attachment-large size-large wp-image-542\" alt=\"\" srcset=\"https:\/\/heba.ee\/wp-content\/uploads\/2019\/10\/Untitled.png 968w, https:\/\/heba.ee\/wp-content\/uploads\/2019\/10\/Untitled-300x224.png 300w, https:\/\/heba.ee\/wp-content\/uploads\/2019\/10\/Untitled-600x449.png 600w, https:\/\/heba.ee\/wp-content\/uploads\/2019\/10\/Untitled-768x574.png 768w\" sizes=\"(max-width: 800px) 100vw, 800px\" \/>\t\t\t\t\t\t\t\t\t\t\t\t\t\t\t<\/div>\n\t\t\t\t<\/div>\n\t\t\t\t<div class=\"elementor-element elementor-element-02fd55d elementor-widget elementor-widget-text-editor\" data-id=\"02fd55d\" data-element_type=\"widget\" data-e-type=\"widget\" data-widget_type=\"text-editor.default\">\n\t\t\t\t<div class=\"elementor-widget-container\">\n\t\t\t\t\t\t\t\t\t<h4>HIND xx EUR<\/h4>\t\t\t\t\t\t\t\t<\/div>\n\t\t\t\t<\/div>\n\t\t\t\t<div class=\"elementor-element elementor-element-1b384b0 elementor-align-center elementor-widget elementor-widget-button\" data-id=\"1b384b0\" data-element_type=\"widget\" data-e-type=\"widget\" data-widget_type=\"button.default\">\n\t\t\t\t<div class=\"elementor-widget-container\">\n\t\t\t\t\t\t\t\t\t<div class=\"elementor-button-wrapper\">\n\t\t\t\t\t<a class=\"elementor-button elementor-button-link elementor-size-md\" href=\"https:\/\/heba.ee\/kontakt\/\">\n\t\t\t\t\t\t<span class=\"elementor-button-content-wrapper\">\n\t\t\t\t\t\t\t\t\t<span class=\"elementor-button-text\">Contact Us<\/span>\n\t\t\t\t\t<\/span>\n\t\t\t\t\t<\/a>\n\t\t\t\t<\/div>\n\t\t\t\t\t\t\t\t<\/div>\n\t\t\t\t<\/div>\n\t\t\t\t\t<\/div>\n\t\t<\/div>\n\t\t\t\t<div class=\"elementor-column elementor-col-50 elementor-inner-column elementor-element elementor-element-00044c3\" data-id=\"00044c3\" data-element_type=\"column\" data-e-type=\"column\">\n\t\t\t<div class=\"elementor-widget-wrap elementor-element-populated\">\n\t\t\t\t\t\t<div class=\"elementor-element elementor-element-1320ea1 elementor-widget elementor-widget-text-editor\" data-id=\"1320ea1\" data-element_type=\"widget\" data-e-type=\"widget\" data-widget_type=\"text-editor.default\">\n\t\t\t\t<div class=\"elementor-widget-container\">\n\t\t\t\t\t\t\t\t\t<p><strong>Lorem Ipsum<\/strong>\u00a0is simply dummy text of the printing and typesetting industry. Lorem Ipsum has been the industry&#8217;s standard dummy text ever since the 1500s, when an unknown printer took a galley of type and scrambled it to make a type specimen book. It has survived not only five centuries, but also the leap into electronic typesetting, remaining essentially unchanged. It was popularised in the 1960s with the release of Letraset sheets containing Lorem Ipsum passages, and more recently with desktop publishing software like Aldus PageMaker including versions of Lorem Ipsum<\/p><p><strong>Lorem Ipsum<\/strong>\u00a0is simply dummy text of the printing and typesetting industry. Lorem Ipsum has been the industry&#8217;s standard dummy text ever since the 1500s, when an unknown printer took a galley of type and scrambled it to make a type specimen book. It has survived not only five centuries, but also the leap into electronic typesetting, remaining essentially unchanged. It was popularised in the 1960s with the release of Letraset sheets containing Lorem Ipsum passages, and more recently with desktop publishing software like Aldus PageMaker including versions of Lorem Ipsum<\/p>\t\t\t\t\t\t\t\t<\/div>\n\t\t\t\t<\/div>\n\t\t\t\t\t<\/div>\n\t\t<\/div>\n\t\t\t\t\t<\/div>\n\t\t<\/section>\n\t\t\t\t<section class=\"elementor-section elementor-inner-section elementor-element elementor-element-909e610 elementor-section-boxed elementor-section-height-default elementor-section-height-default\" data-id=\"909e610\" data-element_type=\"section\" data-e-type=\"section\" data-settings=\"{&quot;jet_parallax_layout_list&quot;:[]}\">\n\t\t\t\t\t\t<div class=\"elementor-container elementor-column-gap-default\">\n\t\t\t\t\t<div class=\"elementor-column elementor-col-50 elementor-inner-column elementor-element elementor-element-6585d3c\" data-id=\"6585d3c\" data-element_type=\"column\" data-e-type=\"column\">\n\t\t\t<div class=\"elementor-widget-wrap elementor-element-populated\">\n\t\t\t\t\t\t\t<\/div>\n\t\t<\/div>\n\t\t\t\t<div class=\"elementor-column elementor-col-50 elementor-inner-column elementor-element elementor-element-8905486\" data-id=\"8905486\" data-element_type=\"column\" data-e-type=\"column\">\n\t\t\t<div class=\"elementor-widget-wrap elementor-element-populated\">\n\t\t\t\t\t\t\t<\/div>\n\t\t<\/div>\n\t\t\t\t\t<\/div>\n\t\t<\/section>\n\t\t\t\t<div class=\"elementor-element elementor-element-55e287c elementor-widget elementor-widget-spacer\" data-id=\"55e287c\" data-element_type=\"widget\" data-e-type=\"widget\" data-widget_type=\"spacer.default\">\n\t\t\t\t<div class=\"elementor-widget-container\">\n\t\t\t\t\t\t\t<div class=\"elementor-spacer\">\n\t\t\t<div class=\"elementor-spacer-inner\"><\/div>\n\t\t<\/div>\n\t\t\t\t\t\t<\/div>\n\t\t\t\t<\/div>\n\t\t\t\t\t<\/div>\n\t\t<\/div>\n\t\t\t\t\t<\/div>\n\t\t<\/section>\n\t\t\t\t<section class=\"elementor-section elementor-top-section elementor-element elementor-element-6bd21d8 elementor-section-boxed elementor-section-height-default elementor-section-height-default\" data-id=\"6bd21d8\" data-element_type=\"section\" data-e-type=\"section\" data-settings=\"{&quot;jet_parallax_layout_list&quot;:[]}\">\n\t\t\t\t\t\t<div class=\"elementor-container elementor-column-gap-default\">\n\t\t\t\t\t<div class=\"elementor-column elementor-col-100 elementor-top-column elementor-element elementor-element-352c9b4\" data-id=\"352c9b4\" data-element_type=\"column\" data-e-type=\"column\">\n\t\t\t<div class=\"elementor-widget-wrap elementor-element-populated\">\n\t\t\t\t\t\t<div class=\"elementor-element elementor-element-9e20d58 elementor-widget elementor-widget-heading\" data-id=\"9e20d58\" data-element_type=\"widget\" data-e-type=\"widget\" data-widget_type=\"heading.default\">\n\t\t\t\t<div class=\"elementor-widget-container\">\n\t\t\t\t\t<h2 class=\"elementor-heading-title elementor-size-default\">Other services<\/h2>\t\t\t\t<\/div>\n\t\t\t\t<\/div>\n\t\t\t\t<section class=\"elementor-section elementor-inner-section elementor-element elementor-element-ea26488 elementor-section-boxed elementor-section-height-default elementor-section-height-default\" data-id=\"ea26488\" data-element_type=\"section\" data-e-type=\"section\" data-settings=\"{&quot;jet_parallax_layout_list&quot;:[]}\">\n\t\t\t\t\t\t<div class=\"elementor-container elementor-column-gap-default\">\n\t\t\t\t\t<div class=\"elementor-column elementor-col-33 elementor-inner-column elementor-element elementor-element-cac90f7\" data-id=\"cac90f7\" data-element_type=\"column\" data-e-type=\"column\" data-settings=\"{&quot;background_background&quot;:&quot;classic&quot;}\">\n\t\t\t<div class=\"elementor-widget-wrap elementor-element-populated\">\n\t\t\t\t\t\t<div class=\"elementor-element elementor-element-8762634 elementor-view-default elementor-widget elementor-widget-icon\" data-id=\"8762634\" data-element_type=\"widget\" data-e-type=\"widget\" data-widget_type=\"icon.default\">\n\t\t\t\t<div class=\"elementor-widget-container\">\n\t\t\t\t\t\t\t<div class=\"elementor-icon-wrapper\">\n\t\t\t<a class=\"elementor-icon elementor-animation-grow\" href=\"http:\/\/www.google.com\" target=\"_blank\">\n\t\t\t<i aria-hidden=\"true\" class=\"fas fa-brain\"><\/i>\t\t\t<\/a>\n\t\t<\/div>\n\t\t\t\t\t\t<\/div>\n\t\t\t\t<\/div>\n\t\t\t\t<div class=\"elementor-element elementor-element-9c0c6ba elementor-widget elementor-widget-text-editor\" data-id=\"9c0c6ba\" data-element_type=\"widget\" data-e-type=\"widget\" data-widget_type=\"text-editor.default\">\n\t\t\t\t<div class=\"elementor-widget-container\">\n\t\t\t\t\t\t\t\t\t<p>Other vaccinations<\/p>\t\t\t\t\t\t\t\t<\/div>\n\t\t\t\t<\/div>\n\t\t\t\t<div class=\"elementor-element elementor-element-49ea0f1 elementor-align-center elementor-widget elementor-widget-button\" data-id=\"49ea0f1\" data-element_type=\"widget\" data-e-type=\"widget\" data-widget_type=\"button.default\">\n\t\t\t\t<div class=\"elementor-widget-container\">\n\t\t\t\t\t\t\t\t\t<div class=\"elementor-button-wrapper\">\n\t\t\t\t\t<a class=\"elementor-button elementor-button-link elementor-size-sm\" href=\"https:\/\/heba.ee\/en\/teenused-vaktsineerimine-muud\/\" id=\"reg\">\n\t\t\t\t\t\t<span class=\"elementor-button-content-wrapper\">\n\t\t\t\t\t\t\t\t\t<span class=\"elementor-button-text\">Read more<\/span>\n\t\t\t\t\t<\/span>\n\t\t\t\t\t<\/a>\n\t\t\t\t<\/div>\n\t\t\t\t\t\t\t\t<\/div>\n\t\t\t\t<\/div>\n\t\t\t\t\t<\/div>\n\t\t<\/div>\n\t\t\t\t<div class=\"elementor-column elementor-col-33 elementor-inner-column elementor-element elementor-element-1223a60\" data-id=\"1223a60\" data-element_type=\"column\" data-e-type=\"column\" data-settings=\"{&quot;background_background&quot;:&quot;classic&quot;}\">\n\t\t\t<div class=\"elementor-widget-wrap elementor-element-populated\">\n\t\t\t\t\t\t<div class=\"elementor-element elementor-element-6b2fa86 elementor-view-default elementor-widget elementor-widget-icon\" data-id=\"6b2fa86\" data-element_type=\"widget\" data-e-type=\"widget\" data-widget_type=\"icon.default\">\n\t\t\t\t<div class=\"elementor-widget-container\">\n\t\t\t\t\t\t\t<div class=\"elementor-icon-wrapper\">\n\t\t\t<a class=\"elementor-icon elementor-animation-grow\" href=\"http:\/\/www.google.com\" target=\"_blank\">\n\t\t\t<i aria-hidden=\"true\" class=\"fas fa-syringe\"><\/i>\t\t\t<\/a>\n\t\t<\/div>\n\t\t\t\t\t\t<\/div>\n\t\t\t\t<\/div>\n\t\t\t\t<div class=\"elementor-element elementor-element-7bea6d5 elementor-widget elementor-widget-text-editor\" data-id=\"7bea6d5\" data-element_type=\"widget\" data-e-type=\"widget\" data-widget_type=\"text-editor.default\">\n\t\t\t\t<div class=\"elementor-widget-container\">\n\t\t\t\t\t\t\t\t\t<p>Personal health assessments<\/p>\t\t\t\t\t\t\t\t<\/div>\n\t\t\t\t<\/div>\n\t\t\t\t<div class=\"elementor-element elementor-element-1bd12ed elementor-align-center elementor-widget elementor-widget-button\" data-id=\"1bd12ed\" data-element_type=\"widget\" data-e-type=\"widget\" data-widget_type=\"button.default\">\n\t\t\t\t<div class=\"elementor-widget-container\">\n\t\t\t\t\t\t\t\t\t<div class=\"elementor-button-wrapper\">\n\t\t\t\t\t<a class=\"elementor-button elementor-button-link elementor-size-sm\" href=\"https:\/\/heba.ee\/en\/kontakt\/\" id=\"reg\">\n\t\t\t\t\t\t<span class=\"elementor-button-content-wrapper\">\n\t\t\t\t\t\t\t\t\t<span class=\"elementor-button-text\">Contact Us<\/span>\n\t\t\t\t\t<\/span>\n\t\t\t\t\t<\/a>\n\t\t\t\t<\/div>\n\t\t\t\t\t\t\t\t<\/div>\n\t\t\t\t<\/div>\n\t\t\t\t\t<\/div>\n\t\t<\/div>\n\t\t\t\t<div class=\"elementor-column elementor-col-33 elementor-inner-column elementor-element elementor-element-3aa1d85\" data-id=\"3aa1d85\" data-element_type=\"column\" data-e-type=\"column\" data-settings=\"{&quot;background_background&quot;:&quot;classic&quot;}\">\n\t\t\t<div class=\"elementor-widget-wrap elementor-element-populated\">\n\t\t\t\t\t\t<div class=\"elementor-element elementor-element-bfbe153 elementor-view-default elementor-widget elementor-widget-icon\" data-id=\"bfbe153\" data-element_type=\"widget\" data-e-type=\"widget\" data-widget_type=\"icon.default\">\n\t\t\t\t<div class=\"elementor-widget-container\">\n\t\t\t\t\t\t\t<div class=\"elementor-icon-wrapper\">\n\t\t\t<a class=\"elementor-icon elementor-animation-grow\" href=\"http:\/\/www.google.com\" target=\"_blank\">\n\t\t\t<i aria-hidden=\"true\" class=\"fas fa-virus\"><\/i>\t\t\t<\/a>\n\t\t<\/div>\n\t\t\t\t\t\t<\/div>\n\t\t\t\t<\/div>\n\t\t\t\t<div class=\"elementor-element elementor-element-45aadf8 elementor-widget elementor-widget-text-editor\" data-id=\"45aadf8\" data-element_type=\"widget\" data-e-type=\"widget\" data-widget_type=\"text-editor.default\">\n\t\t\t\t<div class=\"elementor-widget-container\">\n\t\t\t\t\t\t\t\t\t<p>Birthmark assessment<\/p>\t\t\t\t\t\t\t\t<\/div>\n\t\t\t\t<\/div>\n\t\t\t\t<div class=\"elementor-element elementor-element-17000fb elementor-align-center elementor-widget elementor-widget-button\" data-id=\"17000fb\" data-element_type=\"widget\" data-e-type=\"widget\" data-widget_type=\"button.default\">\n\t\t\t\t<div class=\"elementor-widget-container\">\n\t\t\t\t\t\t\t\t\t<div class=\"elementor-button-wrapper\">\n\t\t\t\t\t<a class=\"elementor-button elementor-button-link elementor-size-sm\" href=\"https:\/\/heba.ee\/en\/kontakt\/\" target=\"_blank\" id=\"reg\">\n\t\t\t\t\t\t<span class=\"elementor-button-content-wrapper\">\n\t\t\t\t\t\t\t\t\t<span class=\"elementor-button-text\">Register<\/span>\n\t\t\t\t\t<\/span>\n\t\t\t\t\t<\/a>\n\t\t\t\t<\/div>\n\t\t\t\t\t\t\t\t<\/div>\n\t\t\t\t<\/div>\n\t\t\t\t\t<\/div>\n\t\t<\/div>\n\t\t\t\t\t<\/div>\n\t\t<\/section>\n\t\t\t\t\t<\/div>\n\t\t<\/div>\n\t\t\t\t\t<\/div>\n\t\t<\/section>\n\t\t\t\t<\/div>\n\t\t","protected":false},"excerpt":{"rendered":"<p>Sleep Health Workshop for Employer HIND xx EUR Contact Us Lorem Ipsum\u00a0is simply dummy text of the printing and typesetting industry. Lorem Ipsum has been the industry&#8217;s standard dummy text ever since the 1500s, when an unknown printer took a galley of type and scrambled it to make a type specimen book. It has survived [&hellip;]<\/p>\n","protected":false},"author":5,"featured_media":10432,"parent":0,"menu_order":0,"comment_status":"closed","ping_status":"closed","template":"elementor_header_footer","meta":{"_acf_changed":false,"inline_featured_image":false,"_uf_show_specific_survey":0,"_uf_disable_surveys":false,"footnotes":""},"class_list":["post-9895","page","type-page","status-publish","has-post-thumbnail","hentry"],"acf":[],"yoast_head":"<!-- This site is optimized with the Yoast SEO plugin v27.2 - https:\/\/yoast.com\/product\/yoast-seo-wordpress\/ -->\n<title>Unetervise t\u00f6\u00f6tuba ettev\u00f5ttele - HeBA<\/title>\n<meta name=\"robots\" content=\"index, follow, max-snippet:-1, max-image-preview:large, max-video-preview:-1\" \/>\n<link rel=\"canonical\" href=\"https:\/\/heba.ee\/en\/unetervise-tootuba-ettevottele\/\" \/>\n<meta property=\"og:locale\" content=\"en_US\" \/>\n<meta property=\"og:type\" content=\"article\" \/>\n<meta property=\"og:title\" content=\"Unetervise t\u00f6\u00f6tuba ettev\u00f5ttele - HeBA\" \/>\n<meta property=\"og:description\" content=\"Sleep Health Workshop for Employer HIND xx EUR Contact Us Lorem Ipsum\u00a0is simply dummy text of the printing and typesetting industry. Lorem Ipsum has been the industry&#8217;s standard dummy text ever since the 1500s, when an unknown printer took a galley of type and scrambled it to make a type specimen book. It has survived [&hellip;]\" \/>\n<meta property=\"og:url\" content=\"https:\/\/heba.ee\/en\/unetervise-tootuba-ettevottele\/\" \/>\n<meta property=\"og:site_name\" content=\"HeBA\" \/>\n<meta property=\"article:publisher\" content=\"https:\/\/www.facebook.com\/hebaforyou\" \/>\n<meta property=\"article:modified_time\" content=\"2021-10-28T14:07:56+00:00\" \/>\n<meta property=\"og:image\" content=\"https:\/\/heba.ee\/wp-content\/uploads\/2019\/10\/Untitled.png\" \/>\n<meta name=\"twitter:card\" content=\"summary_large_image\" \/>\n<meta name=\"twitter:label1\" content=\"Est. reading time\" \/>\n\t<meta name=\"twitter:data1\" content=\"2 minutes\" \/>\n<script type=\"application\/ld+json\" class=\"yoast-schema-graph\">{\"@context\":\"https:\/\/schema.org\",\"@graph\":[{\"@type\":\"WebPage\",\"@id\":\"https:\/\/heba.ee\/en\/unetervise-tootuba-ettevottele\/\",\"url\":\"https:\/\/heba.ee\/en\/unetervise-tootuba-ettevottele\/\",\"name\":\"Unetervise t\u00f6\u00f6tuba ettev\u00f5ttele - HeBA\",\"isPartOf\":{\"@id\":\"https:\/\/heba.ee\/en\/#website\"},\"primaryImageOfPage\":{\"@id\":\"https:\/\/heba.ee\/en\/unetervise-tootuba-ettevottele\/#primaryimage\"},\"image\":{\"@id\":\"https:\/\/heba.ee\/en\/unetervise-tootuba-ettevottele\/#primaryimage\"},\"thumbnailUrl\":\"https:\/\/heba.ee\/wp-content\/uploads\/2021\/11\/couple-sleeping-bed-bedroom-small.jpeg\",\"datePublished\":\"2021-10-28T14:03:57+00:00\",\"dateModified\":\"2021-10-28T14:07:56+00:00\",\"breadcrumb\":{\"@id\":\"https:\/\/heba.ee\/en\/unetervise-tootuba-ettevottele\/#breadcrumb\"},\"inLanguage\":\"en-US\",\"potentialAction\":[{\"@type\":\"ReadAction\",\"target\":[\"https:\/\/heba.ee\/en\/unetervise-tootuba-ettevottele\/\"]}]},{\"@type\":\"ImageObject\",\"inLanguage\":\"en-US\",\"@id\":\"https:\/\/heba.ee\/en\/unetervise-tootuba-ettevottele\/#primaryimage\",\"url\":\"https:\/\/heba.ee\/wp-content\/uploads\/2021\/11\/couple-sleeping-bed-bedroom-small.jpeg\",\"contentUrl\":\"https:\/\/heba.ee\/wp-content\/uploads\/2021\/11\/couple-sleeping-bed-bedroom-small.jpeg\",\"width\":1920,\"height\":1281,\"caption\":\"Couple sleeping on bed in the bedroom at home\"},{\"@type\":\"BreadcrumbList\",\"@id\":\"https:\/\/heba.ee\/en\/unetervise-tootuba-ettevottele\/#breadcrumb\",\"itemListElement\":[{\"@type\":\"ListItem\",\"position\":1,\"name\":\"Home\",\"item\":\"https:\/\/heba.ee\/en\/\"},{\"@type\":\"ListItem\",\"position\":2,\"name\":\"Unetervise t\u00f6\u00f6tuba ettev\u00f5ttele\"}]},{\"@type\":\"WebSite\",\"@id\":\"https:\/\/heba.ee\/en\/#website\",\"url\":\"https:\/\/heba.ee\/en\/\",\"name\":\"HeBA\",\"description\":\"HeBA kliinik\",\"publisher\":{\"@id\":\"https:\/\/heba.ee\/en\/#organization\"},\"potentialAction\":[{\"@type\":\"SearchAction\",\"target\":{\"@type\":\"EntryPoint\",\"urlTemplate\":\"https:\/\/heba.ee\/en\/?s={search_term_string}\"},\"query-input\":{\"@type\":\"PropertyValueSpecification\",\"valueRequired\":true,\"valueName\":\"search_term_string\"}}],\"inLanguage\":\"en-US\"},{\"@type\":\"Organization\",\"@id\":\"https:\/\/heba.ee\/en\/#organization\",\"name\":\"HeBA kliinik\",\"url\":\"https:\/\/heba.ee\/en\/\",\"logo\":{\"@type\":\"ImageObject\",\"inLanguage\":\"en-US\",\"@id\":\"https:\/\/heba.ee\/en\/#\/schema\/logo\/image\/\",\"url\":\"https:\/\/heba.ee\/wp-content\/uploads\/2021\/12\/Logo_HeBA_SINU_TERVISEPARTNER_Blue_big-1.png\",\"contentUrl\":\"https:\/\/heba.ee\/wp-content\/uploads\/2021\/12\/Logo_HeBA_SINU_TERVISEPARTNER_Blue_big-1.png\",\"width\":1076,\"height\":400,\"caption\":\"HeBA kliinik\"},\"image\":{\"@id\":\"https:\/\/heba.ee\/en\/#\/schema\/logo\/image\/\"},\"sameAs\":[\"https:\/\/www.facebook.com\/hebaforyou\"]}]}<\/script>\n<!-- \/ Yoast SEO plugin. -->","yoast_head_json":{"title":"Unetervise t\u00f6\u00f6tuba ettev\u00f5ttele - HeBA","robots":{"index":"index","follow":"follow","max-snippet":"max-snippet:-1","max-image-preview":"max-image-preview:large","max-video-preview":"max-video-preview:-1"},"canonical":"https:\/\/heba.ee\/en\/unetervise-tootuba-ettevottele\/","og_locale":"en_US","og_type":"article","og_title":"Unetervise t\u00f6\u00f6tuba ettev\u00f5ttele - HeBA","og_description":"Sleep Health Workshop for Employer HIND xx EUR Contact Us Lorem Ipsum\u00a0is simply dummy text of the printing and typesetting industry. Lorem Ipsum has been the industry&#8217;s standard dummy text ever since the 1500s, when an unknown printer took a galley of type and scrambled it to make a type specimen book. It has survived [&hellip;]","og_url":"https:\/\/heba.ee\/en\/unetervise-tootuba-ettevottele\/","og_site_name":"HeBA","article_publisher":"https:\/\/www.facebook.com\/hebaforyou","article_modified_time":"2021-10-28T14:07:56+00:00","og_image":[{"url":"https:\/\/heba.ee\/wp-content\/uploads\/2019\/10\/Untitled.png","type":"","width":"","height":""}],"twitter_card":"summary_large_image","twitter_misc":{"Est. reading time":"2 minutes"},"schema":{"@context":"https:\/\/schema.org","@graph":[{"@type":"WebPage","@id":"https:\/\/heba.ee\/en\/unetervise-tootuba-ettevottele\/","url":"https:\/\/heba.ee\/en\/unetervise-tootuba-ettevottele\/","name":"Unetervise t\u00f6\u00f6tuba ettev\u00f5ttele - HeBA","isPartOf":{"@id":"https:\/\/heba.ee\/en\/#website"},"primaryImageOfPage":{"@id":"https:\/\/heba.ee\/en\/unetervise-tootuba-ettevottele\/#primaryimage"},"image":{"@id":"https:\/\/heba.ee\/en\/unetervise-tootuba-ettevottele\/#primaryimage"},"thumbnailUrl":"https:\/\/heba.ee\/wp-content\/uploads\/2021\/11\/couple-sleeping-bed-bedroom-small.jpeg","datePublished":"2021-10-28T14:03:57+00:00","dateModified":"2021-10-28T14:07:56+00:00","breadcrumb":{"@id":"https:\/\/heba.ee\/en\/unetervise-tootuba-ettevottele\/#breadcrumb"},"inLanguage":"en-US","potentialAction":[{"@type":"ReadAction","target":["https:\/\/heba.ee\/en\/unetervise-tootuba-ettevottele\/"]}]},{"@type":"ImageObject","inLanguage":"en-US","@id":"https:\/\/heba.ee\/en\/unetervise-tootuba-ettevottele\/#primaryimage","url":"https:\/\/heba.ee\/wp-content\/uploads\/2021\/11\/couple-sleeping-bed-bedroom-small.jpeg","contentUrl":"https:\/\/heba.ee\/wp-content\/uploads\/2021\/11\/couple-sleeping-bed-bedroom-small.jpeg","width":1920,"height":1281,"caption":"Couple sleeping on bed in the bedroom at home"},{"@type":"BreadcrumbList","@id":"https:\/\/heba.ee\/en\/unetervise-tootuba-ettevottele\/#breadcrumb","itemListElement":[{"@type":"ListItem","position":1,"name":"Home","item":"https:\/\/heba.ee\/en\/"},{"@type":"ListItem","position":2,"name":"Unetervise t\u00f6\u00f6tuba ettev\u00f5ttele"}]},{"@type":"WebSite","@id":"https:\/\/heba.ee\/en\/#website","url":"https:\/\/heba.ee\/en\/","name":"HeBA","description":"HeBA kliinik","publisher":{"@id":"https:\/\/heba.ee\/en\/#organization"},"potentialAction":[{"@type":"SearchAction","target":{"@type":"EntryPoint","urlTemplate":"https:\/\/heba.ee\/en\/?s={search_term_string}"},"query-input":{"@type":"PropertyValueSpecification","valueRequired":true,"valueName":"search_term_string"}}],"inLanguage":"en-US"},{"@type":"Organization","@id":"https:\/\/heba.ee\/en\/#organization","name":"HeBA kliinik","url":"https:\/\/heba.ee\/en\/","logo":{"@type":"ImageObject","inLanguage":"en-US","@id":"https:\/\/heba.ee\/en\/#\/schema\/logo\/image\/","url":"https:\/\/heba.ee\/wp-content\/uploads\/2021\/12\/Logo_HeBA_SINU_TERVISEPARTNER_Blue_big-1.png","contentUrl":"https:\/\/heba.ee\/wp-content\/uploads\/2021\/12\/Logo_HeBA_SINU_TERVISEPARTNER_Blue_big-1.png","width":1076,"height":400,"caption":"HeBA kliinik"},"image":{"@id":"https:\/\/heba.ee\/en\/#\/schema\/logo\/image\/"},"sameAs":["https:\/\/www.facebook.com\/hebaforyou"]}]}},"_links":{"self":[{"href":"https:\/\/heba.ee\/en\/wp-json\/wp\/v2\/pages\/9895","targetHints":{"allow":["GET"]}}],"collection":[{"href":"https:\/\/heba.ee\/en\/wp-json\/wp\/v2\/pages"}],"about":[{"href":"https:\/\/heba.ee\/en\/wp-json\/wp\/v2\/types\/page"}],"author":[{"embeddable":true,"href":"https:\/\/heba.ee\/en\/wp-json\/wp\/v2\/users\/5"}],"replies":[{"embeddable":true,"href":"https:\/\/heba.ee\/en\/wp-json\/wp\/v2\/comments?post=9895"}],"version-history":[{"count":4,"href":"https:\/\/heba.ee\/en\/wp-json\/wp\/v2\/pages\/9895\/revisions"}],"predecessor-version":[{"id":9912,"href":"https:\/\/heba.ee\/en\/wp-json\/wp\/v2\/pages\/9895\/revisions\/9912"}],"wp:featuredmedia":[{"embeddable":true,"href":"https:\/\/heba.ee\/en\/wp-json\/wp\/v2\/media\/10432"}],"wp:attachment":[{"href":"https:\/\/heba.ee\/en\/wp-json\/wp\/v2\/media?parent=9895"}],"curies":[{"name":"wp","href":"https:\/\/api.w.org\/{rel}","templated":true}]}}