{"id":9814,"date":"2021-10-28T12:02:41","date_gmt":"2021-10-28T12:02:41","guid":{"rendered":"https:\/\/uus.heba.ee\/?page_id=9814"},"modified":"2022-12-01T22:09:33","modified_gmt":"2022-12-01T20:09:33","slug":"vaimse-tervise-oe-visiit","status":"publish","type":"page","link":"https:\/\/heba.ee\/en\/vaimnetervis\/vaimse-tervise-oe-visiit\/","title":{"rendered":"teenused-vaimse tervise \u00f5e visiit"},"content":{"rendered":"\t\t<div data-elementor-type=\"wp-page\" data-elementor-id=\"9814\" class=\"elementor elementor-9814 elementor-9802\" data-elementor-post-type=\"page\">\n\t\t\t\t\t\t<section class=\"elementor-section elementor-top-section elementor-element elementor-element-37cf1d9 elementor-section-full_width elementor-section-stretched elementor-hidden-desktop elementor-hidden-tablet elementor-hidden-mobile elementor-section-height-default elementor-section-height-default\" data-id=\"37cf1d9\" data-element_type=\"section\" data-e-type=\"section\" data-settings=\"{&quot;background_background&quot;:&quot;classic&quot;,&quot;stretch_section&quot;:&quot;section-stretched&quot;,&quot;jet_parallax_layout_list&quot;:[]}\">\n\t\t\t\t\t\t\t<div class=\"elementor-background-overlay\"><\/div>\n\t\t\t\t\t\t\t<div class=\"elementor-container elementor-column-gap-default\">\n\t\t\t\t\t<div class=\"elementor-column elementor-col-100 elementor-top-column elementor-element elementor-element-f2ca647\" data-id=\"f2ca647\" data-element_type=\"column\" data-e-type=\"column\" data-settings=\"{&quot;background_background&quot;:&quot;gradient&quot;}\">\n\t\t\t<div class=\"elementor-widget-wrap elementor-element-populated\">\n\t\t\t\t\t<div class=\"elementor-background-overlay\"><\/div>\n\t\t\t\t\t\t<div class=\"elementor-element elementor-element-96f946a elementor-widget elementor-widget-heading\" data-id=\"96f946a\" data-element_type=\"widget\" data-e-type=\"widget\" data-widget_type=\"heading.default\">\n\t\t\t\t<div class=\"elementor-widget-container\">\n\t\t\t\t\t<h1 class=\"elementor-heading-title elementor-size-xl\">Vaimse tervise \u00f5e visiit<\/h1>\t\t\t\t<\/div>\n\t\t\t\t<\/div>\n\t\t\t\t<section class=\"elementor-section elementor-inner-section elementor-element elementor-element-42c4304 elementor-section-boxed elementor-section-height-default elementor-section-height-default\" data-id=\"42c4304\" data-element_type=\"section\" data-e-type=\"section\" data-settings=\"{&quot;jet_parallax_layout_list&quot;:[]}\">\n\t\t\t\t\t\t<div class=\"elementor-container elementor-column-gap-default\">\n\t\t\t\t\t<div class=\"elementor-column elementor-col-50 elementor-inner-column elementor-element elementor-element-8a0bdeb\" data-id=\"8a0bdeb\" data-element_type=\"column\" data-e-type=\"column\">\n\t\t\t<div class=\"elementor-widget-wrap elementor-element-populated\">\n\t\t\t\t\t\t<div class=\"elementor-element elementor-element-9f177ea elementor-widget elementor-widget-image\" data-id=\"9f177ea\" data-element_type=\"widget\" data-e-type=\"widget\" data-widget_type=\"image.default\">\n\t\t\t\t<div class=\"elementor-widget-container\">\n\t\t\t\t\t\t\t\t\t\t\t\t\t\t\t<img fetchpriority=\"high\" decoding=\"async\" width=\"400\" height=\"400\" src=\"https:\/\/heba.ee\/wp-content\/uploads\/2021\/11\/Rhoda_Vaiksaar.jpeg\" class=\"attachment-medium_large size-medium_large wp-image-10439\" alt=\"\" srcset=\"https:\/\/heba.ee\/wp-content\/uploads\/2021\/11\/Rhoda_Vaiksaar.jpeg 400w, https:\/\/heba.ee\/wp-content\/uploads\/2021\/11\/Rhoda_Vaiksaar-300x300.jpeg 300w, https:\/\/heba.ee\/wp-content\/uploads\/2021\/11\/Rhoda_Vaiksaar-100x100.jpeg 100w, https:\/\/heba.ee\/wp-content\/uploads\/2021\/11\/Rhoda_Vaiksaar-150x150.jpeg 150w\" sizes=\"(max-width: 400px) 100vw, 400px\" \/>\t\t\t\t\t\t\t\t\t\t\t\t\t\t\t<\/div>\n\t\t\t\t<\/div>\n\t\t\t\t<div class=\"elementor-element elementor-element-cac4ddb elementor-widget elementor-widget-text-editor\" data-id=\"cac4ddb\" data-element_type=\"widget\" data-e-type=\"widget\" data-widget_type=\"text-editor.default\">\n\t\t\t\t<div class=\"elementor-widget-container\">\n\t\t\t\t\t\t\t\t\t<h4>PRICE 55 EUR<\/h4><p>(45 minutes)<\/p>\t\t\t\t\t\t\t\t<\/div>\n\t\t\t\t<\/div>\n\t\t\t\t<div class=\"elementor-element elementor-element-8a4ca3b elementor-align-center elementor-widget elementor-widget-button\" data-id=\"8a4ca3b\" data-element_type=\"widget\" data-e-type=\"widget\" data-widget_type=\"button.default\">\n\t\t\t\t<div class=\"elementor-widget-container\">\n\t\t\t\t\t\t\t\t\t<div class=\"elementor-button-wrapper\">\n\t\t\t\t\t<a class=\"elementor-button elementor-button-link elementor-size-md elementor-animation-grow\" href=\"https:\/\/connectedserver.eu\/ConnectedOnlineX\/default.aspx?key=HrmDGK6h&#038;lang=et\">\n\t\t\t\t\t\t<span class=\"elementor-button-content-wrapper\">\n\t\t\t\t\t\t\t\t\t<span class=\"elementor-button-text\">Broneeri aeg<\/span>\n\t\t\t\t\t<\/span>\n\t\t\t\t\t<\/a>\n\t\t\t\t<\/div>\n\t\t\t\t\t\t\t\t<\/div>\n\t\t\t\t<\/div>\n\t\t\t\t\t<\/div>\n\t\t<\/div>\n\t\t\t\t<div class=\"elementor-column elementor-col-50 elementor-inner-column elementor-element elementor-element-36ed8ee\" data-id=\"36ed8ee\" data-element_type=\"column\" data-e-type=\"column\">\n\t\t\t<div class=\"elementor-widget-wrap elementor-element-populated\">\n\t\t\t\t\t\t<div class=\"elementor-element elementor-element-74adbb9 elementor-widget elementor-widget-text-editor\" data-id=\"74adbb9\" data-element_type=\"widget\" data-e-type=\"widget\" data-widget_type=\"text-editor.default\">\n\t\t\t\t<div class=\"elementor-widget-container\">\n\t\t\t\t\t\t\t\t\t<p><span style=\"font-weight: 400;\">Vaimse tervise probleemid on sageli varjatud ning annavad meile m\u00e4rku kehaliste kaebusena. Vaimse tervise \u00f5e vastuv\u00f5tule on soovitav p\u00f6\u00f6rduda juba siis, kui negatiivsed v\u00f5i h\u00e4irunud tunded ja k\u00e4itumine hakkavad segama igap\u00e4evaeluga toimetulekut.<\/span><span style=\"font-weight: 400;\"><br><\/span><span style=\"font-weight: 400;\"><br><\/span><span style=\"font-weight: 400;\">Vaimse tervise \u00f5de viib vastuv\u00f5tul l\u00e4bi esmase vaimse tervise hindamise ja terviseriskide anal\u00fc\u00fcsi. Aitab v\u00e4lja selgitada edasisuunamise vajaduse ning teeb tihedalt koost\u00f6\u00f6d pere- v\u00f5i t\u00f6\u00f6tervishoiuarsti, ps\u00fchhiaatri ja ps\u00fchholoogiga. N\u00f5ustab kliente ja nende l\u00e4hedasi vaimse tervise k\u00fcsimustes ja tervisek\u00e4itumise osas. \u00d5petab stressiga toimetulekuks, \u00e4revuse ja pingete leevendamiseks erinevaid hingamisharjutusi ja l\u00f5dvestustehnikad. N\u00f5ustab klienti uneprobleemide korral. Motiveerib ja toetab klienti raviteekonnal.<br><\/span><span style=\"font-weight: 400;\"><br><\/span><span style=\"font-weight: 400;\">Vaimse tervise \u00f5e vastuv\u00f5tule on oodatud k\u00f5ik t\u00e4iskasvanud inimesed, kes tunnevad, et vajavad l\u00e4htuvalt oma terviseseisundist abi ja tuge.<\/span><\/p>\n<p><b>HeBA vaimse tervise \u00f5de on Rhoda Vaiksaar RN, MA<\/b><\/p>\n<p><span style=\"font-weight: 400;\">Rhoda on l\u00f5petanud 2012. aastal Tartu Tervishoiu K\u00f5rgkooli \u00f5enduse erialal ning 2020. aastal omandanud Tallinna Tervishoiu K\u00f5rgkoolis Terviseteaduse magistrikraadi vaimse tervise \u00f5e spetsialiseerumisega. Samuti on ta l\u00e4binud kognitiiv-k\u00e4itumisteraapia algkoolituse. Rhoda on t\u00f6\u00f6tanud 8 aastat unekeskuses une\u00f5ena ja \u00f5endusjuhina. Aastate jooksul on t\u00e4iendanud ennast mitmetel unemeditsiini t\u00e4iendkoolitustel ja seminaridel Eestis ja v\u00e4lismaal; viinud l\u00e4bi uneteemalisi loenguid ja seminare. Rhoda on Eesti Unemeditsiini Seltsi liige.<\/span><\/p>\n<p><span style=\"font-weight: 400;\">Vastuv\u00f5tud toimuvad eesti ja inglise keeles<\/span><\/p>\t\t\t\t\t\t\t\t<\/div>\n\t\t\t\t<\/div>\n\t\t\t\t\t<\/div>\n\t\t<\/div>\n\t\t\t\t\t<\/div>\n\t\t<\/section>\n\t\t\t\t<div class=\"elementor-element elementor-element-eee2085 elementor-widget elementor-widget-spacer\" data-id=\"eee2085\" data-element_type=\"widget\" data-e-type=\"widget\" data-widget_type=\"spacer.default\">\n\t\t\t\t<div class=\"elementor-widget-container\">\n\t\t\t\t\t\t\t<div class=\"elementor-spacer\">\n\t\t\t<div class=\"elementor-spacer-inner\"><\/div>\n\t\t<\/div>\n\t\t\t\t\t\t<\/div>\n\t\t\t\t<\/div>\n\t\t\t\t<div class=\"elementor-element elementor-element-e16c9ae elementor-widget elementor-widget-heading\" data-id=\"e16c9ae\" data-element_type=\"widget\" data-e-type=\"widget\" data-widget_type=\"heading.default\">\n\t\t\t\t<div class=\"elementor-widget-container\">\n\t\t\t\t\t<h2 class=\"elementor-heading-title elementor-size-default\">Vaata veel teenuseid<\/h2>\t\t\t\t<\/div>\n\t\t\t\t<\/div>\n\t\t\t\t<section class=\"elementor-section elementor-inner-section elementor-element elementor-element-df5b6fa elementor-section-boxed elementor-section-height-default elementor-section-height-default\" data-id=\"df5b6fa\" data-element_type=\"section\" data-e-type=\"section\" data-settings=\"{&quot;jet_parallax_layout_list&quot;:[]}\">\n\t\t\t\t\t\t<div class=\"elementor-container elementor-column-gap-default\">\n\t\t\t\t\t<div class=\"elementor-column elementor-col-33 elementor-inner-column elementor-element elementor-element-a3fa8f3\" data-id=\"a3fa8f3\" data-element_type=\"column\" data-e-type=\"column\" data-settings=\"{&quot;background_background&quot;:&quot;classic&quot;}\">\n\t\t\t<div class=\"elementor-widget-wrap elementor-element-populated\">\n\t\t\t\t\t\t<div class=\"elementor-element elementor-element-6558a83 elementor-view-default elementor-widget elementor-widget-icon\" data-id=\"6558a83\" data-element_type=\"widget\" data-e-type=\"widget\" data-widget_type=\"icon.default\">\n\t\t\t\t<div class=\"elementor-widget-container\">\n\t\t\t\t\t\t\t<div class=\"elementor-icon-wrapper\">\n\t\t\t<a class=\"elementor-icon elementor-animation-grow\" href=\"http:\/\/www.google.com\" target=\"_blank\">\n\t\t\t<i aria-hidden=\"true\" class=\"fas fa-brain\"><\/i>\t\t\t<\/a>\n\t\t<\/div>\n\t\t\t\t\t\t<\/div>\n\t\t\t\t<\/div>\n\t\t\t\t<div class=\"elementor-element elementor-element-a00452c elementor-widget elementor-widget-text-editor\" data-id=\"a00452c\" data-element_type=\"widget\" data-e-type=\"widget\" data-widget_type=\"text-editor.default\">\n\t\t\t\t<div class=\"elementor-widget-container\">\n\t\t\t\t\t\t\t\t\t<p>Vaimse tervise juhtimine<\/p>\t\t\t\t\t\t\t\t<\/div>\n\t\t\t\t<\/div>\n\t\t\t\t<div class=\"elementor-element elementor-element-e5cdac4 elementor-hidden-phone elementor-widget elementor-widget-text-editor\" data-id=\"e5cdac4\" data-element_type=\"widget\" data-e-type=\"widget\" data-widget_type=\"text-editor.default\">\n\t\t\t\t<div class=\"elementor-widget-container\">\n\t\t\t\t\t\t\t\t\t<p>Ps\u00fchhosotsiaalsete riskide m\u00f5\u00f5tmine, teenused ettev\u00f5ttele ja t\u00f6\u00f6tajale<\/p>\t\t\t\t\t\t\t\t<\/div>\n\t\t\t\t<\/div>\n\t\t\t\t<div class=\"elementor-element elementor-element-cd025f1 elementor-align-center elementor-widget elementor-widget-button\" data-id=\"cd025f1\" data-element_type=\"widget\" data-e-type=\"widget\" data-widget_type=\"button.default\">\n\t\t\t\t<div class=\"elementor-widget-container\">\n\t\t\t\t\t\t\t\t\t<div class=\"elementor-button-wrapper\">\n\t\t\t\t\t<a class=\"elementor-button elementor-button-link elementor-size-sm\" href=\"https:\/\/heba.one\/\" id=\"reg\">\n\t\t\t\t\t\t<span class=\"elementor-button-content-wrapper\">\n\t\t\t\t\t\t\t\t\t<span class=\"elementor-button-text\">Loe rohkem<\/span>\n\t\t\t\t\t<\/span>\n\t\t\t\t\t<\/a>\n\t\t\t\t<\/div>\n\t\t\t\t\t\t\t\t<\/div>\n\t\t\t\t<\/div>\n\t\t\t\t\t<\/div>\n\t\t<\/div>\n\t\t\t\t<div class=\"elementor-column elementor-col-33 elementor-inner-column elementor-element elementor-element-67c01a9\" data-id=\"67c01a9\" data-element_type=\"column\" data-e-type=\"column\" data-settings=\"{&quot;background_background&quot;:&quot;classic&quot;}\">\n\t\t\t<div class=\"elementor-widget-wrap elementor-element-populated\">\n\t\t\t\t\t\t<div class=\"elementor-element elementor-element-fbb550a elementor-view-default elementor-widget elementor-widget-icon\" data-id=\"fbb550a\" data-element_type=\"widget\" data-e-type=\"widget\" data-widget_type=\"icon.default\">\n\t\t\t\t<div class=\"elementor-widget-container\">\n\t\t\t\t\t\t\t<div class=\"elementor-icon-wrapper\">\n\t\t\t<a class=\"elementor-icon elementor-animation-grow\" href=\"http:\/\/www.google.com\" target=\"_blank\">\n\t\t\t<i aria-hidden=\"true\" class=\"fas fa-syringe\"><\/i>\t\t\t<\/a>\n\t\t<\/div>\n\t\t\t\t\t\t<\/div>\n\t\t\t\t<\/div>\n\t\t\t\t<div class=\"elementor-element elementor-element-7e115dc elementor-widget elementor-widget-text-editor\" data-id=\"7e115dc\" data-element_type=\"widget\" data-e-type=\"widget\" data-widget_type=\"text-editor.default\">\n\t\t\t\t<div class=\"elementor-widget-container\">\n\t\t\t\t\t\t\t\t\t<p>Vaktsineerimine<\/p>\t\t\t\t\t\t\t\t<\/div>\n\t\t\t\t<\/div>\n\t\t\t\t<div class=\"elementor-element elementor-element-2878575 elementor-hidden-phone elementor-widget elementor-widget-text-editor\" data-id=\"2878575\" data-element_type=\"widget\" data-e-type=\"widget\" data-widget_type=\"text-editor.default\">\n\t\t\t\t<div class=\"elementor-widget-container\">\n\t\t\t\t\t\t\t\t\t<p>Gripp, hepatiit, puuk<\/p>\t\t\t\t\t\t\t\t<\/div>\n\t\t\t\t<\/div>\n\t\t\t\t<div class=\"elementor-element elementor-element-4ad0c23 elementor-align-center elementor-widget elementor-widget-button\" data-id=\"4ad0c23\" data-element_type=\"widget\" data-e-type=\"widget\" data-widget_type=\"button.default\">\n\t\t\t\t<div class=\"elementor-widget-container\">\n\t\t\t\t\t\t\t\t\t<div class=\"elementor-button-wrapper\">\n\t\t\t\t\t<a class=\"elementor-button elementor-button-link elementor-size-sm\" href=\"https:\/\/heba.ee\/teenused-muud-vaktsineerimised\" id=\"reg\">\n\t\t\t\t\t\t<span class=\"elementor-button-content-wrapper\">\n\t\t\t\t\t\t\t\t\t<span class=\"elementor-button-text\">V\u00f5ta \u00fchendust<\/span>\n\t\t\t\t\t<\/span>\n\t\t\t\t\t<\/a>\n\t\t\t\t<\/div>\n\t\t\t\t\t\t\t\t<\/div>\n\t\t\t\t<\/div>\n\t\t\t\t\t<\/div>\n\t\t<\/div>\n\t\t\t\t<div class=\"elementor-column elementor-col-33 elementor-inner-column elementor-element elementor-element-62cbce0\" data-id=\"62cbce0\" data-element_type=\"column\" data-e-type=\"column\" data-settings=\"{&quot;background_background&quot;:&quot;classic&quot;}\">\n\t\t\t<div class=\"elementor-widget-wrap elementor-element-populated\">\n\t\t\t\t\t\t<div class=\"elementor-element elementor-element-911f237 elementor-view-default elementor-widget elementor-widget-icon\" data-id=\"911f237\" data-element_type=\"widget\" data-e-type=\"widget\" data-widget_type=\"icon.default\">\n\t\t\t\t<div class=\"elementor-widget-container\">\n\t\t\t\t\t\t\t<div class=\"elementor-icon-wrapper\">\n\t\t\t<a class=\"elementor-icon elementor-animation-grow\" href=\"http:\/\/www.google.com\" target=\"_blank\">\n\t\t\t<i aria-hidden=\"true\" class=\"fas fa-virus\"><\/i>\t\t\t<\/a>\n\t\t<\/div>\n\t\t\t\t\t\t<\/div>\n\t\t\t\t<\/div>\n\t\t\t\t<div class=\"elementor-element elementor-element-bfc74e9 elementor-widget elementor-widget-text-editor\" data-id=\"bfc74e9\" data-element_type=\"widget\" data-e-type=\"widget\" data-widget_type=\"text-editor.default\">\n\t\t\t\t<div class=\"elementor-widget-container\">\n\t\t\t\t\t\t\t\t\t<p>Koroonaviiruse<br \/>(Covid-19) testimine<\/p>\t\t\t\t\t\t\t\t<\/div>\n\t\t\t\t<\/div>\n\t\t\t\t<div class=\"elementor-element elementor-element-12f0987 elementor-hidden-phone elementor-widget elementor-widget-text-editor\" data-id=\"12f0987\" data-element_type=\"widget\" data-e-type=\"widget\" data-widget_type=\"text-editor.default\">\n\t\t\t\t<div class=\"elementor-widget-container\">\n\t\t\t\t\t\t\t\t\t<p>Antigeeni kiirtest, PCR-test, antikehatest<\/p>\t\t\t\t\t\t\t\t<\/div>\n\t\t\t\t<\/div>\n\t\t\t\t<div class=\"elementor-element elementor-element-daeb85c elementor-align-center elementor-widget elementor-widget-button\" data-id=\"daeb85c\" data-element_type=\"widget\" data-e-type=\"widget\" data-widget_type=\"button.default\">\n\t\t\t\t<div class=\"elementor-widget-container\">\n\t\t\t\t\t\t\t\t\t<div class=\"elementor-button-wrapper\">\n\t\t\t\t\t<a class=\"elementor-button elementor-button-link elementor-size-sm\" href=\"https:\/\/calendly.com\/heba-covid\/covid2\" target=\"_blank\" id=\"reg\">\n\t\t\t\t\t\t<span class=\"elementor-button-content-wrapper\">\n\t\t\t\t\t\t\t\t\t<span class=\"elementor-button-text\">Registreeri<\/span>\n\t\t\t\t\t<\/span>\n\t\t\t\t\t<\/a>\n\t\t\t\t<\/div>\n\t\t\t\t\t\t\t\t<\/div>\n\t\t\t\t<\/div>\n\t\t\t\t\t<\/div>\n\t\t<\/div>\n\t\t\t\t\t<\/div>\n\t\t<\/section>\n\t\t\t\t\t<\/div>\n\t\t<\/div>\n\t\t\t\t\t<\/div>\n\t\t<\/section>\n\t\t\t\t<\/div>\n\t\t","protected":false},"excerpt":{"rendered":"<p>Vaimse tervise \u00f5e visiit PRICE 55 EUR (45 minutes) Broneeri aeg Vaimse tervise probleemid on sageli varjatud ning annavad meile m\u00e4rku kehaliste kaebusena. Vaimse tervise \u00f5e vastuv\u00f5tule on soovitav p\u00f6\u00f6rduda juba siis, kui negatiivsed v\u00f5i h\u00e4irunud tunded ja k\u00e4itumine hakkavad segama igap\u00e4evaeluga toimetulekut. Vaimse tervise \u00f5de viib vastuv\u00f5tul l\u00e4bi esmase vaimse tervise hindamise ja terviseriskide [&hellip;]<\/p>\n","protected":false},"author":5,"featured_media":10439,"parent":18507,"menu_order":1,"comment_status":"closed","ping_status":"closed","template":"elementor_header_footer","meta":{"_acf_changed":false,"inline_featured_image":false,"_uf_show_specific_survey":0,"_uf_disable_surveys":false,"footnotes":""},"class_list":["post-9814","page","type-page","status-publish","has-post-thumbnail","hentry"],"acf":[],"yoast_head":"<!-- This site is optimized with the Yoast SEO plugin v27.2 - https:\/\/yoast.com\/product\/yoast-seo-wordpress\/ -->\n<title>teenused-vaimse tervise \u00f5e visiit - HeBA<\/title>\n<meta name=\"robots\" content=\"index, follow, max-snippet:-1, max-image-preview:large, max-video-preview:-1\" \/>\n<link rel=\"canonical\" href=\"https:\/\/heba.ee\/en\/vaimnetervis\/vaimse-tervise-oe-visiit\/\" \/>\n<meta property=\"og:locale\" content=\"en_US\" \/>\n<meta property=\"og:type\" content=\"article\" \/>\n<meta property=\"og:title\" content=\"teenused-vaimse tervise \u00f5e visiit - HeBA\" \/>\n<meta property=\"og:description\" content=\"Vaimse tervise \u00f5e visiit PRICE 55 EUR (45 minutes) Broneeri aeg Vaimse tervise probleemid on sageli varjatud ning annavad meile m\u00e4rku kehaliste kaebusena. Vaimse tervise \u00f5e vastuv\u00f5tule on soovitav p\u00f6\u00f6rduda juba siis, kui negatiivsed v\u00f5i h\u00e4irunud tunded ja k\u00e4itumine hakkavad segama igap\u00e4evaeluga toimetulekut. Vaimse tervise \u00f5de viib vastuv\u00f5tul l\u00e4bi esmase vaimse tervise hindamise ja terviseriskide [&hellip;]\" \/>\n<meta property=\"og:url\" content=\"https:\/\/heba.ee\/en\/vaimnetervis\/vaimse-tervise-oe-visiit\/\" \/>\n<meta property=\"og:site_name\" content=\"HeBA\" \/>\n<meta property=\"article:publisher\" content=\"https:\/\/www.facebook.com\/hebaforyou\" \/>\n<meta property=\"article:modified_time\" content=\"2022-12-01T20:09:33+00:00\" \/>\n<meta property=\"og:image\" content=\"https:\/\/heba.ee\/wp-content\/uploads\/2021\/11\/Rhoda_Vaiksaar.jpeg\" \/>\n\t<meta property=\"og:image:width\" content=\"400\" \/>\n\t<meta property=\"og:image:height\" content=\"400\" \/>\n\t<meta property=\"og:image:type\" content=\"image\/jpeg\" \/>\n<meta name=\"twitter:card\" content=\"summary_large_image\" \/>\n<meta name=\"twitter:label1\" content=\"Est. reading time\" \/>\n\t<meta name=\"twitter:data1\" content=\"2 minutes\" \/>\n<script type=\"application\/ld+json\" class=\"yoast-schema-graph\">{\"@context\":\"https:\/\/schema.org\",\"@graph\":[{\"@type\":\"WebPage\",\"@id\":\"https:\/\/heba.ee\/en\/vaimnetervis\/vaimse-tervise-oe-visiit\/\",\"url\":\"https:\/\/heba.ee\/en\/vaimnetervis\/vaimse-tervise-oe-visiit\/\",\"name\":\"teenused-vaimse tervise \u00f5e visiit - HeBA\",\"isPartOf\":{\"@id\":\"https:\/\/heba.ee\/en\/#website\"},\"primaryImageOfPage\":{\"@id\":\"https:\/\/heba.ee\/en\/vaimnetervis\/vaimse-tervise-oe-visiit\/#primaryimage\"},\"image\":{\"@id\":\"https:\/\/heba.ee\/en\/vaimnetervis\/vaimse-tervise-oe-visiit\/#primaryimage\"},\"thumbnailUrl\":\"https:\/\/heba.ee\/wp-content\/uploads\/2021\/11\/Rhoda_Vaiksaar.jpeg\",\"datePublished\":\"2021-10-28T12:02:41+00:00\",\"dateModified\":\"2022-12-01T20:09:33+00:00\",\"breadcrumb\":{\"@id\":\"https:\/\/heba.ee\/en\/vaimnetervis\/vaimse-tervise-oe-visiit\/#breadcrumb\"},\"inLanguage\":\"en-US\",\"potentialAction\":[{\"@type\":\"ReadAction\",\"target\":[\"https:\/\/heba.ee\/en\/vaimnetervis\/vaimse-tervise-oe-visiit\/\"]}]},{\"@type\":\"ImageObject\",\"inLanguage\":\"en-US\",\"@id\":\"https:\/\/heba.ee\/en\/vaimnetervis\/vaimse-tervise-oe-visiit\/#primaryimage\",\"url\":\"https:\/\/heba.ee\/wp-content\/uploads\/2021\/11\/Rhoda_Vaiksaar.jpeg\",\"contentUrl\":\"https:\/\/heba.ee\/wp-content\/uploads\/2021\/11\/Rhoda_Vaiksaar.jpeg\",\"width\":400,\"height\":400},{\"@type\":\"BreadcrumbList\",\"@id\":\"https:\/\/heba.ee\/en\/vaimnetervis\/vaimse-tervise-oe-visiit\/#breadcrumb\",\"itemListElement\":[{\"@type\":\"ListItem\",\"position\":1,\"name\":\"Home\",\"item\":\"https:\/\/heba.ee\/en\/\"},{\"@type\":\"ListItem\",\"position\":2,\"name\":\"Mental health\",\"item\":\"https:\/\/heba.ee\/en\/vaimnetervis\/\"},{\"@type\":\"ListItem\",\"position\":3,\"name\":\"teenused-vaimse tervise \u00f5e visiit\"}]},{\"@type\":\"WebSite\",\"@id\":\"https:\/\/heba.ee\/en\/#website\",\"url\":\"https:\/\/heba.ee\/en\/\",\"name\":\"HeBA\",\"description\":\"HeBA kliinik\",\"publisher\":{\"@id\":\"https:\/\/heba.ee\/en\/#organization\"},\"potentialAction\":[{\"@type\":\"SearchAction\",\"target\":{\"@type\":\"EntryPoint\",\"urlTemplate\":\"https:\/\/heba.ee\/en\/?s={search_term_string}\"},\"query-input\":{\"@type\":\"PropertyValueSpecification\",\"valueRequired\":true,\"valueName\":\"search_term_string\"}}],\"inLanguage\":\"en-US\"},{\"@type\":\"Organization\",\"@id\":\"https:\/\/heba.ee\/en\/#organization\",\"name\":\"HeBA kliinik\",\"url\":\"https:\/\/heba.ee\/en\/\",\"logo\":{\"@type\":\"ImageObject\",\"inLanguage\":\"en-US\",\"@id\":\"https:\/\/heba.ee\/en\/#\/schema\/logo\/image\/\",\"url\":\"https:\/\/heba.ee\/wp-content\/uploads\/2021\/12\/Logo_HeBA_SINU_TERVISEPARTNER_Blue_big-1.png\",\"contentUrl\":\"https:\/\/heba.ee\/wp-content\/uploads\/2021\/12\/Logo_HeBA_SINU_TERVISEPARTNER_Blue_big-1.png\",\"width\":1076,\"height\":400,\"caption\":\"HeBA kliinik\"},\"image\":{\"@id\":\"https:\/\/heba.ee\/en\/#\/schema\/logo\/image\/\"},\"sameAs\":[\"https:\/\/www.facebook.com\/hebaforyou\"]}]}<\/script>\n<!-- \/ Yoast SEO plugin. -->","yoast_head_json":{"title":"teenused-vaimse tervise \u00f5e visiit - HeBA","robots":{"index":"index","follow":"follow","max-snippet":"max-snippet:-1","max-image-preview":"max-image-preview:large","max-video-preview":"max-video-preview:-1"},"canonical":"https:\/\/heba.ee\/en\/vaimnetervis\/vaimse-tervise-oe-visiit\/","og_locale":"en_US","og_type":"article","og_title":"teenused-vaimse tervise \u00f5e visiit - HeBA","og_description":"Vaimse tervise \u00f5e visiit PRICE 55 EUR (45 minutes) Broneeri aeg Vaimse tervise probleemid on sageli varjatud ning annavad meile m\u00e4rku kehaliste kaebusena. Vaimse tervise \u00f5e vastuv\u00f5tule on soovitav p\u00f6\u00f6rduda juba siis, kui negatiivsed v\u00f5i h\u00e4irunud tunded ja k\u00e4itumine hakkavad segama igap\u00e4evaeluga toimetulekut. Vaimse tervise \u00f5de viib vastuv\u00f5tul l\u00e4bi esmase vaimse tervise hindamise ja terviseriskide [&hellip;]","og_url":"https:\/\/heba.ee\/en\/vaimnetervis\/vaimse-tervise-oe-visiit\/","og_site_name":"HeBA","article_publisher":"https:\/\/www.facebook.com\/hebaforyou","article_modified_time":"2022-12-01T20:09:33+00:00","og_image":[{"width":400,"height":400,"url":"https:\/\/heba.ee\/wp-content\/uploads\/2021\/11\/Rhoda_Vaiksaar.jpeg","type":"image\/jpeg"}],"twitter_card":"summary_large_image","twitter_misc":{"Est. reading time":"2 minutes"},"schema":{"@context":"https:\/\/schema.org","@graph":[{"@type":"WebPage","@id":"https:\/\/heba.ee\/en\/vaimnetervis\/vaimse-tervise-oe-visiit\/","url":"https:\/\/heba.ee\/en\/vaimnetervis\/vaimse-tervise-oe-visiit\/","name":"teenused-vaimse tervise \u00f5e visiit - HeBA","isPartOf":{"@id":"https:\/\/heba.ee\/en\/#website"},"primaryImageOfPage":{"@id":"https:\/\/heba.ee\/en\/vaimnetervis\/vaimse-tervise-oe-visiit\/#primaryimage"},"image":{"@id":"https:\/\/heba.ee\/en\/vaimnetervis\/vaimse-tervise-oe-visiit\/#primaryimage"},"thumbnailUrl":"https:\/\/heba.ee\/wp-content\/uploads\/2021\/11\/Rhoda_Vaiksaar.jpeg","datePublished":"2021-10-28T12:02:41+00:00","dateModified":"2022-12-01T20:09:33+00:00","breadcrumb":{"@id":"https:\/\/heba.ee\/en\/vaimnetervis\/vaimse-tervise-oe-visiit\/#breadcrumb"},"inLanguage":"en-US","potentialAction":[{"@type":"ReadAction","target":["https:\/\/heba.ee\/en\/vaimnetervis\/vaimse-tervise-oe-visiit\/"]}]},{"@type":"ImageObject","inLanguage":"en-US","@id":"https:\/\/heba.ee\/en\/vaimnetervis\/vaimse-tervise-oe-visiit\/#primaryimage","url":"https:\/\/heba.ee\/wp-content\/uploads\/2021\/11\/Rhoda_Vaiksaar.jpeg","contentUrl":"https:\/\/heba.ee\/wp-content\/uploads\/2021\/11\/Rhoda_Vaiksaar.jpeg","width":400,"height":400},{"@type":"BreadcrumbList","@id":"https:\/\/heba.ee\/en\/vaimnetervis\/vaimse-tervise-oe-visiit\/#breadcrumb","itemListElement":[{"@type":"ListItem","position":1,"name":"Home","item":"https:\/\/heba.ee\/en\/"},{"@type":"ListItem","position":2,"name":"Mental health","item":"https:\/\/heba.ee\/en\/vaimnetervis\/"},{"@type":"ListItem","position":3,"name":"teenused-vaimse tervise \u00f5e visiit"}]},{"@type":"WebSite","@id":"https:\/\/heba.ee\/en\/#website","url":"https:\/\/heba.ee\/en\/","name":"HeBA","description":"HeBA kliinik","publisher":{"@id":"https:\/\/heba.ee\/en\/#organization"},"potentialAction":[{"@type":"SearchAction","target":{"@type":"EntryPoint","urlTemplate":"https:\/\/heba.ee\/en\/?s={search_term_string}"},"query-input":{"@type":"PropertyValueSpecification","valueRequired":true,"valueName":"search_term_string"}}],"inLanguage":"en-US"},{"@type":"Organization","@id":"https:\/\/heba.ee\/en\/#organization","name":"HeBA kliinik","url":"https:\/\/heba.ee\/en\/","logo":{"@type":"ImageObject","inLanguage":"en-US","@id":"https:\/\/heba.ee\/en\/#\/schema\/logo\/image\/","url":"https:\/\/heba.ee\/wp-content\/uploads\/2021\/12\/Logo_HeBA_SINU_TERVISEPARTNER_Blue_big-1.png","contentUrl":"https:\/\/heba.ee\/wp-content\/uploads\/2021\/12\/Logo_HeBA_SINU_TERVISEPARTNER_Blue_big-1.png","width":1076,"height":400,"caption":"HeBA kliinik"},"image":{"@id":"https:\/\/heba.ee\/en\/#\/schema\/logo\/image\/"},"sameAs":["https:\/\/www.facebook.com\/hebaforyou"]}]}},"_links":{"self":[{"href":"https:\/\/heba.ee\/en\/wp-json\/wp\/v2\/pages\/9814","targetHints":{"allow":["GET"]}}],"collection":[{"href":"https:\/\/heba.ee\/en\/wp-json\/wp\/v2\/pages"}],"about":[{"href":"https:\/\/heba.ee\/en\/wp-json\/wp\/v2\/types\/page"}],"author":[{"embeddable":true,"href":"https:\/\/heba.ee\/en\/wp-json\/wp\/v2\/users\/5"}],"replies":[{"embeddable":true,"href":"https:\/\/heba.ee\/en\/wp-json\/wp\/v2\/comments?post=9814"}],"version-history":[{"count":21,"href":"https:\/\/heba.ee\/en\/wp-json\/wp\/v2\/pages\/9814\/revisions"}],"predecessor-version":[{"id":24390,"href":"https:\/\/heba.ee\/en\/wp-json\/wp\/v2\/pages\/9814\/revisions\/24390"}],"up":[{"embeddable":true,"href":"https:\/\/heba.ee\/en\/wp-json\/wp\/v2\/pages\/18507"}],"wp:featuredmedia":[{"embeddable":true,"href":"https:\/\/heba.ee\/en\/wp-json\/wp\/v2\/media\/10439"}],"wp:attachment":[{"href":"https:\/\/heba.ee\/en\/wp-json\/wp\/v2\/media?parent=9814"}],"curies":[{"name":"wp","href":"https:\/\/api.w.org\/{rel}","templated":true}]}}