{"id":35614,"date":"2025-07-09T00:39:54","date_gmt":"2025-07-08T21:39:54","guid":{"rendered":"https:\/\/uus.heba.ee\/taname-lyfery-tellimuse-eest\/"},"modified":"2025-07-09T00:42:28","modified_gmt":"2025-07-08T21:42:28","slug":"thank-you-for-your-lyfery-order","status":"publish","type":"page","link":"https:\/\/heba.ee\/en\/thank-you-for-your-lyfery-order\/","title":{"rendered":"Thank you for ordering Lyfery! &#8211; Health audit. Health check. Research. Consulting"},"content":{"rendered":"\t\t<div data-elementor-type=\"wp-page\" data-elementor-id=\"35614\" class=\"elementor elementor-35614 elementor-35608\" data-elementor-post-type=\"page\">\n\t\t\t\t<div class=\"elementor-element elementor-element-11a2741 e-flex e-con-boxed e-con e-parent\" data-id=\"11a2741\" data-element_type=\"container\" data-e-type=\"container\" data-settings=\"{&quot;jet_parallax_layout_list&quot;:[]}\">\n\t\t\t\t\t<div class=\"e-con-inner\">\n\t\t<div class=\"elementor-element elementor-element-162b425 e-con-full e-flex e-con e-child\" data-id=\"162b425\" data-element_type=\"container\" data-e-type=\"container\" data-settings=\"{&quot;jet_parallax_layout_list&quot;:[]}\">\n\t\t<div class=\"elementor-element elementor-element-6d8b68d e-con-full e-flex e-con e-child\" data-id=\"6d8b68d\" data-element_type=\"container\" data-e-type=\"container\" data-settings=\"{&quot;jet_parallax_layout_list&quot;:[]}\">\n\t\t\t\t<div class=\"elementor-element elementor-element-6ce3bc2 elementor-align-left elementor-widget elementor-widget-button\" data-id=\"6ce3bc2\" data-element_type=\"widget\" data-e-type=\"widget\" data-widget_type=\"button.default\">\n\t\t\t\t<div class=\"elementor-widget-container\">\n\t\t\t\t\t\t\t\t\t<div class=\"elementor-button-wrapper\">\n\t\t\t\t\t<a class=\"elementor-button elementor-button-link elementor-size-sm\" href=\"https:\/\/heba.ee\/en\/special-offers-with-lyfery-life-insurance\/\">\n\t\t\t\t\t\t<span class=\"elementor-button-content-wrapper\">\n\t\t\t\t\t\t\t\t\t<span class=\"elementor-button-text\">Lyfery Special offers<\/span>\n\t\t\t\t\t<\/span>\n\t\t\t\t\t<\/a>\n\t\t\t\t<\/div>\n\t\t\t\t\t\t\t\t<\/div>\n\t\t\t\t<\/div>\n\t\t\t\t<div class=\"elementor-element elementor-element-4956c09 elementor-hidden-desktop elementor-hidden-tablet elementor-widget elementor-widget-n-accordion\" data-id=\"4956c09\" data-element_type=\"widget\" data-e-type=\"widget\" data-settings=\"{&quot;default_state&quot;:&quot;all_collapsed&quot;,&quot;n_accordion_animation_duration&quot;:{&quot;unit&quot;:&quot;ms&quot;,&quot;size&quot;:300,&quot;sizes&quot;:[]},&quot;max_items_expended&quot;:&quot;one&quot;}\" data-widget_type=\"nested-accordion.default\">\n\t\t\t\t<div class=\"elementor-widget-container\">\n\t\t\t\t\t\t\t<div class=\"e-n-accordion\" aria-label=\"Accordion. Open links with Enter or Space, close with Escape, and navigate with Arrow Keys\">\n\t\t\t\t\t\t<details id=\"e-n-accordion-item-7690\" class=\"e-n-accordion-item\" >\n\t\t\t\t<summary class=\"e-n-accordion-item-title\" data-accordion-index=\"1\" tabindex=\"0\" aria-expanded=\"false\" aria-controls=\"e-n-accordion-item-7690\" >\n\t\t\t\t\t<span class='e-n-accordion-item-title-header'><div class=\"e-n-accordion-item-title-text\"> Categories <\/div><\/span>\n\t\t\t\t\t\t\t<span class='e-n-accordion-item-title-icon'>\n\t\t\t<span class='e-opened' ><i aria-hidden=\"true\" class=\"fas fa-minus\"><\/i><\/span>\n\t\t\t<span class='e-closed'><i aria-hidden=\"true\" class=\"fas fa-plus\"><\/i><\/span>\n\t\t<\/span>\n\n\t\t\t\t\t\t<\/summary>\n\t\t\t\t<div role=\"region\" aria-labelledby=\"e-n-accordion-item-7690\" class=\"elementor-element elementor-element-0707d44 e-con-full e-flex e-con e-child\" data-id=\"0707d44\" data-element_type=\"container\" data-e-type=\"container\" data-settings=\"{&quot;jet_parallax_layout_list&quot;:[]}\">\n\t\t\t\t<div class=\"elementor-element elementor-element-0765d89 elementor-widget elementor-widget-shortcode\" data-id=\"0765d89\" data-element_type=\"widget\" data-e-type=\"widget\" data-widget_type=\"shortcode.default\">\n\t\t\t\t<div class=\"elementor-widget-container\">\n\t\t\t\t\t\t\t<div class=\"elementor-shortcode\"><ul class=\"custom-cat-list\"><li class=\"parent_cat\"><a href=\"https:\/\/heba.ee\/en\/product-category\/mehe-tervis\/\">Mehe tervis<\/a><\/li><li class=\"parent_cat\"><a href=\"https:\/\/heba.ee\/en\/product-category\/analysis-packages\/\">Analysis packages<\/a><\/li><li class=\"parent_cat\"><a href=\"https:\/\/heba.ee\/en\/product-category\/tervisesportlasele-en\/\">Tervisesportlasele<\/a><\/li><li class=\"parent_cat\"><a href=\"https:\/\/heba.ee\/en\/product-category\/ule-60-aastasele-en\/\">\u00dcle 60-aastasele<\/a><\/li><li class=\"parent_cat\"><a href=\"https:\/\/heba.ee\/en\/product-category\/eripakkumised-en\/\">Eripakkumised<\/a><\/li><li class=\"parent_cat\"><a href=\"https:\/\/heba.ee\/en\/product-category\/tasakaal-en\/\">Tasakaal<\/a><\/li><li class=\"parent_cat\"><a href=\"https:\/\/heba.ee\/en\/product-category\/alkoholi-moju-en\/\">Alkoholi m\u00f5ju<\/a><\/li><li class=\"parent_cat\"><a href=\"https:\/\/heba.ee\/en\/product-category\/analuusipaketid-en\/\">Anal\u00fc\u00fcsipaketid<\/a><\/li><li class=\"parent_cat\"><a href=\"https:\/\/heba.ee\/en\/product-category\/kilpnaarme-mured-en\/\">Kilpn\u00e4\u00e4rme mured<\/a><\/li><li class=\"parent_cat\"><a href=\"https:\/\/heba.ee\/en\/product-category\/tervise-juhtimine-en\/\">Tervise juhtimine<\/a><\/li><li class=\"parent_cat\"><a href=\"https:\/\/heba.ee\/en\/product-category\/toitumine-ja-dieet-en\/\">Toitumine ja dieet<\/a><\/li><li class=\"parent_cat\"><a href=\"https:\/\/heba.ee\/en\/product-category\/toostress-en\/\">T\u00f6\u00f6stress<\/a><\/li><li class=\"parent_cat\"><a href=\"https:\/\/heba.ee\/en\/product-category\/vahene-aktiivsus-en\/\">V\u00e4hene aktiivsus<\/a><\/li><li class=\"parent_cat\"><a href=\"https:\/\/heba.ee\/en\/product-category\/riskireisijale-en\/\">Riskireisijale<\/a><\/li><li class=\"parent_cat\"><a href=\"https:\/\/heba.ee\/en\/product-category\/uncategorized-et\/\">Uncategorized @et<\/a><\/li><li class=\"parent_cat\"><a href=\"https:\/\/heba.ee\/en\/product-category\/taimetoitlasele-en\/\">Taimetoitlasele<\/a><\/li><li class=\"parent_cat\"><a href=\"https:\/\/heba.ee\/en\/product-category\/tervele-inimesele-en\/\">Tervele inimesele<\/a><\/li><li class=\"parent_cat\"><a href=\"https:\/\/heba.ee\/en\/product-category\/terviseauditid-en\/\">Terviseauditid<\/a><\/li><\/ul><\/div>\n\t\t\t\t\t\t<\/div>\n\t\t\t\t<\/div>\n\t\t\t\t<\/div>\n\t\t\t\t\t<\/details>\n\t\t\t\t\t<\/div>\n\t\t\t\t\t\t<\/div>\n\t\t\t\t<\/div>\n\t\t\t\t<div class=\"elementor-element elementor-element-ae739f5 elementor-hidden-mobile elementor-widget elementor-widget-shortcode\" data-id=\"ae739f5\" data-element_type=\"widget\" data-e-type=\"widget\" data-widget_type=\"shortcode.default\">\n\t\t\t\t<div class=\"elementor-widget-container\">\n\t\t\t\t\t\t\t<div class=\"elementor-shortcode\"><ul class=\"custom-cat-list\"><li class=\"parent_cat\"><a href=\"https:\/\/heba.ee\/en\/product-category\/mehe-tervis\/\">Mehe tervis<\/a><\/li><li class=\"parent_cat\"><a href=\"https:\/\/heba.ee\/en\/product-category\/analysis-packages\/\">Analysis packages<\/a><\/li><li class=\"parent_cat\"><a href=\"https:\/\/heba.ee\/en\/product-category\/tervisesportlasele-en\/\">Tervisesportlasele<\/a><\/li><li class=\"parent_cat\"><a href=\"https:\/\/heba.ee\/en\/product-category\/ule-60-aastasele-en\/\">\u00dcle 60-aastasele<\/a><\/li><li class=\"parent_cat\"><a href=\"https:\/\/heba.ee\/en\/product-category\/eripakkumised-en\/\">Eripakkumised<\/a><\/li><li class=\"parent_cat\"><a href=\"https:\/\/heba.ee\/en\/product-category\/tasakaal-en\/\">Tasakaal<\/a><\/li><li class=\"parent_cat\"><a href=\"https:\/\/heba.ee\/en\/product-category\/alkoholi-moju-en\/\">Alkoholi m\u00f5ju<\/a><\/li><li class=\"parent_cat\"><a href=\"https:\/\/heba.ee\/en\/product-category\/analuusipaketid-en\/\">Anal\u00fc\u00fcsipaketid<\/a><\/li><li class=\"parent_cat\"><a href=\"https:\/\/heba.ee\/en\/product-category\/kilpnaarme-mured-en\/\">Kilpn\u00e4\u00e4rme mured<\/a><\/li><li class=\"parent_cat\"><a href=\"https:\/\/heba.ee\/en\/product-category\/tervise-juhtimine-en\/\">Tervise juhtimine<\/a><\/li><li class=\"parent_cat\"><a href=\"https:\/\/heba.ee\/en\/product-category\/toitumine-ja-dieet-en\/\">Toitumine ja dieet<\/a><\/li><li class=\"parent_cat\"><a href=\"https:\/\/heba.ee\/en\/product-category\/toostress-en\/\">T\u00f6\u00f6stress<\/a><\/li><li class=\"parent_cat\"><a href=\"https:\/\/heba.ee\/en\/product-category\/vahene-aktiivsus-en\/\">V\u00e4hene aktiivsus<\/a><\/li><li class=\"parent_cat\"><a href=\"https:\/\/heba.ee\/en\/product-category\/riskireisijale-en\/\">Riskireisijale<\/a><\/li><li class=\"parent_cat\"><a href=\"https:\/\/heba.ee\/en\/product-category\/uncategorized-et\/\">Uncategorized @et<\/a><\/li><li class=\"parent_cat\"><a href=\"https:\/\/heba.ee\/en\/product-category\/taimetoitlasele-en\/\">Taimetoitlasele<\/a><\/li><li class=\"parent_cat\"><a href=\"https:\/\/heba.ee\/en\/product-category\/tervele-inimesele-en\/\">Tervele inimesele<\/a><\/li><li class=\"parent_cat\"><a href=\"https:\/\/heba.ee\/en\/product-category\/terviseauditid-en\/\">Terviseauditid<\/a><\/li><\/ul><\/div>\n\t\t\t\t\t\t<\/div>\n\t\t\t\t<\/div>\n\t\t\t\t<\/div>\n\t\t<div class=\"elementor-element elementor-element-5aa3c3e e-con-full e-flex e-con e-child\" data-id=\"5aa3c3e\" data-element_type=\"container\" data-e-type=\"container\" data-settings=\"{&quot;jet_parallax_layout_list&quot;:[]}\">\n\t\t<div class=\"elementor-element elementor-element-caf6015 e-con-full e-flex e-con e-child\" data-id=\"caf6015\" data-element_type=\"container\" data-e-type=\"container\" data-settings=\"{&quot;jet_parallax_layout_list&quot;:[]}\">\n\t\t<div class=\"elementor-element elementor-element-14d6522 e-con-full e-flex e-con e-child\" data-id=\"14d6522\" data-element_type=\"container\" data-e-type=\"container\" data-settings=\"{&quot;jet_parallax_layout_list&quot;:[]}\">\n\t\t\t\t<div class=\"elementor-element elementor-element-56f8978 elementor-invisible elementor-widget elementor-widget-heading\" data-id=\"56f8978\" data-element_type=\"widget\" data-e-type=\"widget\" data-settings=\"{&quot;_animation&quot;:&quot;fadeIn&quot;,&quot;_animation_mobile&quot;:&quot;none&quot;}\" data-widget_type=\"heading.default\">\n\t\t\t\t<div class=\"elementor-widget-container\">\n\t\t\t\t\t<h1 class=\"elementor-heading-title elementor-size-default\">Thank you for ordering LYFERY!<\/h1>\t\t\t\t<\/div>\n\t\t\t\t<\/div>\n\t\t\t\t<div class=\"elementor-element elementor-element-c1fa660 elementor-invisible elementor-widget elementor-widget-heading\" data-id=\"c1fa660\" data-element_type=\"widget\" data-e-type=\"widget\" data-settings=\"{&quot;_animation&quot;:&quot;fadeIn&quot;,&quot;_animation_mobile&quot;:&quot;none&quot;}\" data-widget_type=\"heading.default\">\n\t\t\t\t<div class=\"elementor-widget-container\">\n\t\t\t\t\t<h1 class=\"elementor-heading-title elementor-size-default\">We will contact you within 1 business day.<\/h1>\t\t\t\t<\/div>\n\t\t\t\t<\/div>\n\t\t\t\t<\/div>\n\t\t<div class=\"elementor-element elementor-element-0ee9e00 e-con-full e-flex e-con e-child\" data-id=\"0ee9e00\" data-element_type=\"container\" data-e-type=\"container\" data-settings=\"{&quot;background_background&quot;:&quot;slideshow&quot;,&quot;background_slideshow_gallery&quot;:[{&quot;id&quot;:33852,&quot;url&quot;:&quot;https:\\\/\\\/heba.ee\\\/wp-content\\\/uploads\\\/2025\\\/04\\\/IMG_8194.webp&quot;},{&quot;id&quot;:13708,&quot;url&quot;:&quot;https:\\\/\\\/heba.ee\\\/wp-content\\\/uploads\\\/2021\\\/11\\\/home-page-hero-pic.jpg&quot;},{&quot;id&quot;:34316,&quot;url&quot;:&quot;https:\\\/\\\/heba.ee\\\/wp-content\\\/uploads\\\/2025\\\/04\\\/Haapsalu-kutsehariduskeskus-HeBA-kliinik-2-scaled.jpeg&quot;}],&quot;jet_parallax_layout_list&quot;:[],&quot;background_slideshow_ken_burns&quot;:&quot;yes&quot;,&quot;background_slideshow_loop&quot;:&quot;yes&quot;,&quot;background_slideshow_slide_duration&quot;:5000,&quot;background_slideshow_slide_transition&quot;:&quot;fade&quot;,&quot;background_slideshow_transition_duration&quot;:500,&quot;background_slideshow_ken_burns_zoom_direction&quot;:&quot;in&quot;}\">\n\t\t\t\t<div class=\"elementor-element elementor-element-d9b1743 elementor-widget-mobile__width-inherit elementor-absolute elementor-view-default elementor-widget elementor-widget-icon\" data-id=\"d9b1743\" data-element_type=\"widget\" data-e-type=\"widget\" data-settings=\"{&quot;motion_fx_translateY_direction&quot;:&quot;negative&quot;,&quot;motion_fx_motion_fx_scrolling&quot;:&quot;yes&quot;,&quot;motion_fx_translateY_effect&quot;:&quot;yes&quot;,&quot;motion_fx_translateY_speed&quot;:{&quot;unit&quot;:&quot;px&quot;,&quot;size&quot;:&quot;0.5&quot;,&quot;sizes&quot;:[]},&quot;motion_fx_devices&quot;:[&quot;desktop&quot;],&quot;_position&quot;:&quot;absolute&quot;,&quot;motion_fx_translateY_affectedRange&quot;:{&quot;unit&quot;:&quot;%&quot;,&quot;size&quot;:&quot;&quot;,&quot;sizes&quot;:{&quot;start&quot;:0,&quot;end&quot;:100}}}\" data-widget_type=\"icon.default\">\n\t\t\t\t<div class=\"elementor-widget-container\">\n\t\t\t\t\t\t\t<div class=\"elementor-icon-wrapper\">\n\t\t\t<div class=\"elementor-icon\">\n\t\t\t<i aria-hidden=\"true\" class=\"fas fa-square\"><\/i>\t\t\t<\/div>\n\t\t<\/div>\n\t\t\t\t\t\t<\/div>\n\t\t\t\t<\/div>\n\t\t\t\t<div class=\"elementor-element elementor-element-0ec0e1b elementor-widget-mobile__width-inherit elementor-hidden-mobile elementor-absolute elementor-view-default elementor-invisible elementor-widget elementor-widget-icon\" data-id=\"0ec0e1b\" data-element_type=\"widget\" data-e-type=\"widget\" data-settings=\"{&quot;_position&quot;:&quot;absolute&quot;,&quot;_animation&quot;:&quot;fadeIn&quot;}\" data-widget_type=\"icon.default\">\n\t\t\t\t<div class=\"elementor-widget-container\">\n\t\t\t\t\t\t\t<div class=\"elementor-icon-wrapper\">\n\t\t\t<div class=\"elementor-icon\">\n\t\t\t<i aria-hidden=\"true\" class=\"fas fa-square\"><\/i>\t\t\t<\/div>\n\t\t<\/div>\n\t\t\t\t\t\t<\/div>\n\t\t\t\t<\/div>\n\t\t<div class=\"elementor-element elementor-element-0ca487b e-con-full e-flex e-con e-child\" data-id=\"0ca487b\" data-element_type=\"container\" data-e-type=\"container\" data-settings=\"{&quot;jet_parallax_layout_list&quot;:[]}\">\n\t\t\t\t<\/div>\n\t\t<div class=\"elementor-element elementor-element-99945d3 e-con-full e-flex e-con e-child\" data-id=\"99945d3\" data-element_type=\"container\" data-e-type=\"container\" data-settings=\"{&quot;jet_parallax_layout_list&quot;:[]}\">\n\t\t\t\t<\/div>\n\t\t\t\t<div class=\"elementor-element elementor-element-3d95dff elementor-widget__width-initial elementor-widget-tablet__width-inherit elementor-hidden-mobile elementor-absolute elementor-view-default elementor-invisible elementor-widget elementor-widget-icon\" data-id=\"3d95dff\" data-element_type=\"widget\" data-e-type=\"widget\" data-settings=\"{&quot;_position&quot;:&quot;absolute&quot;,&quot;_animation&quot;:&quot;fadeInLeft&quot;}\" data-widget_type=\"icon.default\">\n\t\t\t\t<div class=\"elementor-widget-container\">\n\t\t\t\t\t\t\t<div class=\"elementor-icon-wrapper\">\n\t\t\t<div class=\"elementor-icon\">\n\t\t\t<i aria-hidden=\"true\" class=\"fas fa-square\"><\/i>\t\t\t<\/div>\n\t\t<\/div>\n\t\t\t\t\t\t<\/div>\n\t\t\t\t<\/div>\n\t\t\t\t<\/div>\n\t\t\t\t<\/div>\n\t\t\t\t<\/div>\n\t\t\t\t<\/div>\n\t\t\t\t\t<\/div>\n\t\t\t\t<\/div>\n\t\t\t\t<\/div>\n\t\t","protected":false},"excerpt":{"rendered":"<p>Lyfery Special offers Categories Alkoholi m\u00f5ju Anal\u00fc\u00fcsipaketid Eripakkumised Kilpn\u00e4\u00e4rme mured Riskireisijale Taimetoitlasele Tasakaal Tervele inimesele Tervise juhtimine Terviseauditid Tervisesportlasele Toitumine ja dieet T\u00f6\u00f6stress \u00dcle 60-aastasele Uncategorized Uncategorized @et V\u00e4hene aktiivsus Thank you for ordering LYFERY! We will contact you within 1 business day.<\/p>\n","protected":false},"author":28,"featured_media":0,"parent":0,"menu_order":0,"comment_status":"closed","ping_status":"closed","template":"","meta":{"_acf_changed":false,"inline_featured_image":false,"_uf_show_specific_survey":0,"_uf_disable_surveys":false,"footnotes":""},"class_list":["post-35614","page","type-page","status-publish","hentry"],"acf":[],"yoast_head":"<!-- This site is optimized with the Yoast SEO plugin v27.2 - https:\/\/yoast.com\/product\/yoast-seo-wordpress\/ -->\n<title>Thank you for ordering Lyfery! - Health audit. Health check. Research. Consulting - HeBA<\/title>\n<meta name=\"robots\" content=\"index, follow, max-snippet:-1, max-image-preview:large, max-video-preview:-1\" \/>\n<link rel=\"canonical\" href=\"https:\/\/heba.ee\/en\/thank-you-for-your-lyfery-order\/\" \/>\n<meta property=\"og:locale\" content=\"en_US\" \/>\n<meta property=\"og:type\" content=\"article\" \/>\n<meta property=\"og:title\" content=\"Thank you for ordering Lyfery! - Health audit. Health check. Research. Consulting - HeBA\" \/>\n<meta property=\"og:description\" content=\"Lyfery Special offers Categories Alkoholi m\u00f5ju Anal\u00fc\u00fcsipaketid Eripakkumised Kilpn\u00e4\u00e4rme mured Riskireisijale Taimetoitlasele Tasakaal Tervele inimesele Tervise juhtimine Terviseauditid Tervisesportlasele Toitumine ja dieet T\u00f6\u00f6stress \u00dcle 60-aastasele Uncategorized Uncategorized @et V\u00e4hene aktiivsus Thank you for ordering LYFERY! We will contact you within 1 business day.\" \/>\n<meta property=\"og:url\" content=\"https:\/\/heba.ee\/en\/thank-you-for-your-lyfery-order\/\" \/>\n<meta property=\"og:site_name\" content=\"HeBA\" \/>\n<meta property=\"article:publisher\" content=\"https:\/\/www.facebook.com\/hebaforyou\" \/>\n<meta property=\"article:modified_time\" content=\"2025-07-08T21:42:28+00:00\" \/>\n<meta property=\"og:image\" content=\"https:\/\/heba.ee\/wp-content\/uploads\/2021\/12\/TestLogo_HeBA_SINU_TERVISEPARTNER_Blue_big-1.png\" \/>\n\t<meta property=\"og:image:width\" content=\"1076\" \/>\n\t<meta property=\"og:image:height\" content=\"1024\" \/>\n\t<meta property=\"og:image:type\" content=\"image\/png\" \/>\n<meta name=\"twitter:card\" content=\"summary_large_image\" \/>\n<script type=\"application\/ld+json\" class=\"yoast-schema-graph\">{\"@context\":\"https:\/\/schema.org\",\"@graph\":[{\"@type\":\"WebPage\",\"@id\":\"https:\/\/heba.ee\/en\/thank-you-for-your-lyfery-order\/\",\"url\":\"https:\/\/heba.ee\/en\/thank-you-for-your-lyfery-order\/\",\"name\":\"Thank you for ordering Lyfery! - Health audit. Health check. Research. Consulting - HeBA\",\"isPartOf\":{\"@id\":\"https:\/\/heba.ee\/en\/#website\"},\"datePublished\":\"2025-07-08T21:39:54+00:00\",\"dateModified\":\"2025-07-08T21:42:28+00:00\",\"breadcrumb\":{\"@id\":\"https:\/\/heba.ee\/en\/thank-you-for-your-lyfery-order\/#breadcrumb\"},\"inLanguage\":\"en-US\",\"potentialAction\":[{\"@type\":\"ReadAction\",\"target\":[\"https:\/\/heba.ee\/en\/thank-you-for-your-lyfery-order\/\"]}]},{\"@type\":\"BreadcrumbList\",\"@id\":\"https:\/\/heba.ee\/en\/thank-you-for-your-lyfery-order\/#breadcrumb\",\"itemListElement\":[{\"@type\":\"ListItem\",\"position\":1,\"name\":\"Home\",\"item\":\"https:\/\/heba.ee\/en\/\"},{\"@type\":\"ListItem\",\"position\":2,\"name\":\"Thank you for ordering Lyfery! &#8211; Health audit. Health check. Research. Consulting\"}]},{\"@type\":\"WebSite\",\"@id\":\"https:\/\/heba.ee\/en\/#website\",\"url\":\"https:\/\/heba.ee\/en\/\",\"name\":\"HeBA\",\"description\":\"HeBA kliinik\",\"publisher\":{\"@id\":\"https:\/\/heba.ee\/en\/#organization\"},\"potentialAction\":[{\"@type\":\"SearchAction\",\"target\":{\"@type\":\"EntryPoint\",\"urlTemplate\":\"https:\/\/heba.ee\/en\/?s={search_term_string}\"},\"query-input\":{\"@type\":\"PropertyValueSpecification\",\"valueRequired\":true,\"valueName\":\"search_term_string\"}}],\"inLanguage\":\"en-US\"},{\"@type\":\"Organization\",\"@id\":\"https:\/\/heba.ee\/en\/#organization\",\"name\":\"HeBA kliinik\",\"url\":\"https:\/\/heba.ee\/en\/\",\"logo\":{\"@type\":\"ImageObject\",\"inLanguage\":\"en-US\",\"@id\":\"https:\/\/heba.ee\/en\/#\/schema\/logo\/image\/\",\"url\":\"https:\/\/heba.ee\/wp-content\/uploads\/2021\/12\/Logo_HeBA_SINU_TERVISEPARTNER_Blue_big-1.png\",\"contentUrl\":\"https:\/\/heba.ee\/wp-content\/uploads\/2021\/12\/Logo_HeBA_SINU_TERVISEPARTNER_Blue_big-1.png\",\"width\":1076,\"height\":400,\"caption\":\"HeBA kliinik\"},\"image\":{\"@id\":\"https:\/\/heba.ee\/en\/#\/schema\/logo\/image\/\"},\"sameAs\":[\"https:\/\/www.facebook.com\/hebaforyou\"]}]}<\/script>\n<!-- \/ Yoast SEO plugin. -->","yoast_head_json":{"title":"Thank you for ordering Lyfery! - Health audit. Health check. Research. Consulting - HeBA","robots":{"index":"index","follow":"follow","max-snippet":"max-snippet:-1","max-image-preview":"max-image-preview:large","max-video-preview":"max-video-preview:-1"},"canonical":"https:\/\/heba.ee\/en\/thank-you-for-your-lyfery-order\/","og_locale":"en_US","og_type":"article","og_title":"Thank you for ordering Lyfery! - Health audit. Health check. Research. Consulting - HeBA","og_description":"Lyfery Special offers Categories Alkoholi m\u00f5ju Anal\u00fc\u00fcsipaketid Eripakkumised Kilpn\u00e4\u00e4rme mured Riskireisijale Taimetoitlasele Tasakaal Tervele inimesele Tervise juhtimine Terviseauditid Tervisesportlasele Toitumine ja dieet T\u00f6\u00f6stress \u00dcle 60-aastasele Uncategorized Uncategorized @et V\u00e4hene aktiivsus Thank you for ordering LYFERY! We will contact you within 1 business day.","og_url":"https:\/\/heba.ee\/en\/thank-you-for-your-lyfery-order\/","og_site_name":"HeBA","article_publisher":"https:\/\/www.facebook.com\/hebaforyou","article_modified_time":"2025-07-08T21:42:28+00:00","og_image":[{"width":1076,"height":1024,"url":"https:\/\/heba.ee\/wp-content\/uploads\/2021\/12\/TestLogo_HeBA_SINU_TERVISEPARTNER_Blue_big-1.png","type":"image\/png"}],"twitter_card":"summary_large_image","schema":{"@context":"https:\/\/schema.org","@graph":[{"@type":"WebPage","@id":"https:\/\/heba.ee\/en\/thank-you-for-your-lyfery-order\/","url":"https:\/\/heba.ee\/en\/thank-you-for-your-lyfery-order\/","name":"Thank you for ordering Lyfery! - Health audit. Health check. Research. Consulting - HeBA","isPartOf":{"@id":"https:\/\/heba.ee\/en\/#website"},"datePublished":"2025-07-08T21:39:54+00:00","dateModified":"2025-07-08T21:42:28+00:00","breadcrumb":{"@id":"https:\/\/heba.ee\/en\/thank-you-for-your-lyfery-order\/#breadcrumb"},"inLanguage":"en-US","potentialAction":[{"@type":"ReadAction","target":["https:\/\/heba.ee\/en\/thank-you-for-your-lyfery-order\/"]}]},{"@type":"BreadcrumbList","@id":"https:\/\/heba.ee\/en\/thank-you-for-your-lyfery-order\/#breadcrumb","itemListElement":[{"@type":"ListItem","position":1,"name":"Home","item":"https:\/\/heba.ee\/en\/"},{"@type":"ListItem","position":2,"name":"Thank you for ordering Lyfery! &#8211; Health audit. Health check. Research. Consulting"}]},{"@type":"WebSite","@id":"https:\/\/heba.ee\/en\/#website","url":"https:\/\/heba.ee\/en\/","name":"HeBA","description":"HeBA kliinik","publisher":{"@id":"https:\/\/heba.ee\/en\/#organization"},"potentialAction":[{"@type":"SearchAction","target":{"@type":"EntryPoint","urlTemplate":"https:\/\/heba.ee\/en\/?s={search_term_string}"},"query-input":{"@type":"PropertyValueSpecification","valueRequired":true,"valueName":"search_term_string"}}],"inLanguage":"en-US"},{"@type":"Organization","@id":"https:\/\/heba.ee\/en\/#organization","name":"HeBA kliinik","url":"https:\/\/heba.ee\/en\/","logo":{"@type":"ImageObject","inLanguage":"en-US","@id":"https:\/\/heba.ee\/en\/#\/schema\/logo\/image\/","url":"https:\/\/heba.ee\/wp-content\/uploads\/2021\/12\/Logo_HeBA_SINU_TERVISEPARTNER_Blue_big-1.png","contentUrl":"https:\/\/heba.ee\/wp-content\/uploads\/2021\/12\/Logo_HeBA_SINU_TERVISEPARTNER_Blue_big-1.png","width":1076,"height":400,"caption":"HeBA kliinik"},"image":{"@id":"https:\/\/heba.ee\/en\/#\/schema\/logo\/image\/"},"sameAs":["https:\/\/www.facebook.com\/hebaforyou"]}]}},"_links":{"self":[{"href":"https:\/\/heba.ee\/en\/wp-json\/wp\/v2\/pages\/35614","targetHints":{"allow":["GET"]}}],"collection":[{"href":"https:\/\/heba.ee\/en\/wp-json\/wp\/v2\/pages"}],"about":[{"href":"https:\/\/heba.ee\/en\/wp-json\/wp\/v2\/types\/page"}],"author":[{"embeddable":true,"href":"https:\/\/heba.ee\/en\/wp-json\/wp\/v2\/users\/28"}],"replies":[{"embeddable":true,"href":"https:\/\/heba.ee\/en\/wp-json\/wp\/v2\/comments?post=35614"}],"version-history":[{"count":3,"href":"https:\/\/heba.ee\/en\/wp-json\/wp\/v2\/pages\/35614\/revisions"}],"predecessor-version":[{"id":35617,"href":"https:\/\/heba.ee\/en\/wp-json\/wp\/v2\/pages\/35614\/revisions\/35617"}],"wp:attachment":[{"href":"https:\/\/heba.ee\/en\/wp-json\/wp\/v2\/media?parent=35614"}],"curies":[{"name":"wp","href":"https:\/\/api.w.org\/{rel}","templated":true}]}}