{"id":29558,"date":"2024-01-18T13:30:45","date_gmt":"2024-01-18T11:30:45","guid":{"rendered":"https:\/\/uus.heba.ee\/booking-page\/parnu-reservation\/"},"modified":"2025-05-08T12:07:59","modified_gmt":"2025-05-08T09:07:59","slug":"parnu-reservation","status":"publish","type":"page","link":"https:\/\/heba.ee\/en\/booking-page\/parnu-reservation\/","title":{"rendered":"P\u00e4rnu reservation"},"content":{"rendered":"\t\t<div data-elementor-type=\"wp-page\" data-elementor-id=\"29558\" class=\"elementor elementor-29558 elementor-29527\" data-elementor-post-type=\"page\">\n\t\t\t\t\t\t<section class=\"elementor-section elementor-top-section elementor-element elementor-element-298a083 elementor-section-boxed elementor-section-height-default elementor-section-height-default\" data-id=\"298a083\" data-element_type=\"section\" data-e-type=\"section\" data-settings=\"{&quot;jet_parallax_layout_list&quot;:[]}\">\n\t\t\t\t\t\t<div class=\"elementor-container elementor-column-gap-default\">\n\t\t\t\t\t<div class=\"elementor-column elementor-col-100 elementor-top-column elementor-element elementor-element-092bb2b\" data-id=\"092bb2b\" data-element_type=\"column\" data-e-type=\"column\">\n\t\t\t<div class=\"elementor-widget-wrap elementor-element-populated\">\n\t\t\t\t\t\t<div class=\"elementor-element elementor-element-a3d5302 elementor-widget elementor-widget-spacer\" data-id=\"a3d5302\" data-element_type=\"widget\" data-e-type=\"widget\" data-widget_type=\"spacer.default\">\n\t\t\t\t<div class=\"elementor-widget-container\">\n\t\t\t\t\t\t\t<div class=\"elementor-spacer\">\n\t\t\t<div class=\"elementor-spacer-inner\"><\/div>\n\t\t<\/div>\n\t\t\t\t\t\t<\/div>\n\t\t\t\t<\/div>\n\t\t\t\t<div class=\"elementor-element elementor-element-a129218 elementor-widget elementor-widget-heading\" data-id=\"a129218\" data-element_type=\"widget\" data-e-type=\"widget\" data-widget_type=\"heading.default\">\n\t\t\t\t<div class=\"elementor-widget-container\">\n\t\t\t\t\t<h2 class=\"elementor-heading-title elementor-size-default\">Booking for the P\u00e4rnu clinic<\/h2>\t\t\t\t<\/div>\n\t\t\t\t<\/div>\n\t\t\t\t\t<\/div>\n\t\t<\/div>\n\t\t\t\t\t<\/div>\n\t\t<\/section>\n\t\t\t\t<section class=\"elementor-section elementor-top-section elementor-element elementor-element-bf9777d elementor-section-boxed elementor-section-height-default elementor-section-height-default\" data-id=\"bf9777d\" data-element_type=\"section\" data-e-type=\"section\" data-settings=\"{&quot;jet_parallax_layout_list&quot;:[{&quot;jet_parallax_layout_image&quot;:{&quot;url&quot;:&quot;&quot;,&quot;id&quot;:&quot;&quot;,&quot;size&quot;:&quot;&quot;},&quot;_id&quot;:&quot;82bf55b&quot;,&quot;jet_parallax_layout_image_tablet&quot;:{&quot;url&quot;:&quot;&quot;,&quot;id&quot;:&quot;&quot;,&quot;size&quot;:&quot;&quot;},&quot;jet_parallax_layout_image_mobile&quot;:{&quot;url&quot;:&quot;&quot;,&quot;id&quot;:&quot;&quot;,&quot;size&quot;:&quot;&quot;},&quot;jet_parallax_layout_speed&quot;:{&quot;unit&quot;:&quot;%&quot;,&quot;size&quot;:50,&quot;sizes&quot;:[]},&quot;jet_parallax_layout_type&quot;:&quot;scroll&quot;,&quot;jet_parallax_layout_direction&quot;:&quot;1&quot;,&quot;jet_parallax_layout_fx_direction&quot;:null,&quot;jet_parallax_layout_z_index&quot;:&quot;&quot;,&quot;jet_parallax_layout_bg_x&quot;:50,&quot;jet_parallax_layout_bg_x_tablet&quot;:&quot;&quot;,&quot;jet_parallax_layout_bg_x_mobile&quot;:&quot;&quot;,&quot;jet_parallax_layout_bg_y&quot;:50,&quot;jet_parallax_layout_bg_y_tablet&quot;:&quot;&quot;,&quot;jet_parallax_layout_bg_y_mobile&quot;:&quot;&quot;,&quot;jet_parallax_layout_bg_size&quot;:&quot;auto&quot;,&quot;jet_parallax_layout_bg_size_tablet&quot;:&quot;&quot;,&quot;jet_parallax_layout_bg_size_mobile&quot;:&quot;&quot;,&quot;jet_parallax_layout_animation_prop&quot;:&quot;transform&quot;,&quot;jet_parallax_layout_on&quot;:[&quot;desktop&quot;,&quot;tablet&quot;]}]}\">\n\t\t\t\t\t\t<div class=\"elementor-container elementor-column-gap-default\">\n\t\t\t\t\t<div class=\"elementor-column elementor-col-100 elementor-top-column elementor-element elementor-element-395ea53\" data-id=\"395ea53\" data-element_type=\"column\" data-e-type=\"column\" data-settings=\"{&quot;background_background&quot;:&quot;classic&quot;}\">\n\t\t\t<div class=\"elementor-widget-wrap elementor-element-populated\">\n\t\t\t\t\t\t<section class=\"elementor-section elementor-inner-section elementor-element elementor-element-17730f2 elementor-section-boxed elementor-section-height-default elementor-section-height-default\" data-id=\"17730f2\" data-element_type=\"section\" data-e-type=\"section\" data-settings=\"{&quot;jet_parallax_layout_list&quot;:[{&quot;jet_parallax_layout_image&quot;:{&quot;url&quot;:&quot;&quot;,&quot;id&quot;:&quot;&quot;,&quot;size&quot;:&quot;&quot;},&quot;_id&quot;:&quot;25065e0&quot;,&quot;jet_parallax_layout_image_tablet&quot;:{&quot;url&quot;:&quot;&quot;,&quot;id&quot;:&quot;&quot;,&quot;size&quot;:&quot;&quot;},&quot;jet_parallax_layout_image_mobile&quot;:{&quot;url&quot;:&quot;&quot;,&quot;id&quot;:&quot;&quot;,&quot;size&quot;:&quot;&quot;},&quot;jet_parallax_layout_speed&quot;:{&quot;unit&quot;:&quot;%&quot;,&quot;size&quot;:50,&quot;sizes&quot;:[]},&quot;jet_parallax_layout_type&quot;:&quot;scroll&quot;,&quot;jet_parallax_layout_direction&quot;:&quot;1&quot;,&quot;jet_parallax_layout_fx_direction&quot;:null,&quot;jet_parallax_layout_z_index&quot;:&quot;&quot;,&quot;jet_parallax_layout_bg_x&quot;:50,&quot;jet_parallax_layout_bg_x_tablet&quot;:&quot;&quot;,&quot;jet_parallax_layout_bg_x_mobile&quot;:&quot;&quot;,&quot;jet_parallax_layout_bg_y&quot;:50,&quot;jet_parallax_layout_bg_y_tablet&quot;:&quot;&quot;,&quot;jet_parallax_layout_bg_y_mobile&quot;:&quot;&quot;,&quot;jet_parallax_layout_bg_size&quot;:&quot;auto&quot;,&quot;jet_parallax_layout_bg_size_tablet&quot;:&quot;&quot;,&quot;jet_parallax_layout_bg_size_mobile&quot;:&quot;&quot;,&quot;jet_parallax_layout_animation_prop&quot;:&quot;transform&quot;,&quot;jet_parallax_layout_on&quot;:[&quot;desktop&quot;,&quot;tablet&quot;]}]}\">\n\t\t\t\t\t\t<div class=\"elementor-container elementor-column-gap-default\">\n\t\t\t\t\t<div class=\"elementor-column elementor-col-50 elementor-inner-column elementor-element elementor-element-9e78956\" data-id=\"9e78956\" data-element_type=\"column\" data-e-type=\"column\">\n\t\t\t<div class=\"elementor-widget-wrap elementor-element-populated\">\n\t\t\t\t\t\t<div class=\"elementor-element elementor-element-6fe3df1 elementor-align-center elementor-widget elementor-widget-button\" data-id=\"6fe3df1\" data-element_type=\"widget\" data-e-type=\"widget\" data-widget_type=\"button.default\">\n\t\t\t\t<div class=\"elementor-widget-container\">\n\t\t\t\t\t\t\t\t\t<div class=\"elementor-button-wrapper\">\n\t\t\t\t\t<a class=\"elementor-button elementor-button-link elementor-size-xs elementor-animation-grow\" href=\"https:\/\/heba.ee\/en\/booking-page\/\">\n\t\t\t\t\t\t<span class=\"elementor-button-content-wrapper\">\n\t\t\t\t\t\t\t\t\t<span class=\"elementor-button-text\">Back to location selection<\/span>\n\t\t\t\t\t<\/span>\n\t\t\t\t\t<\/a>\n\t\t\t\t<\/div>\n\t\t\t\t\t\t\t\t<\/div>\n\t\t\t\t<\/div>\n\t\t\t\t\t<\/div>\n\t\t<\/div>\n\t\t\t\t<div class=\"elementor-column elementor-col-50 elementor-inner-column elementor-element elementor-element-fb0982e\" data-id=\"fb0982e\" data-element_type=\"column\" data-e-type=\"column\">\n\t\t\t<div class=\"elementor-widget-wrap\">\n\t\t\t\t\t\t\t<\/div>\n\t\t<\/div>\n\t\t\t\t\t<\/div>\n\t\t<\/section>\n\t\t\t\t<section class=\"elementor-section elementor-inner-section elementor-element elementor-element-b83f67c elementor-section-boxed elementor-section-height-default elementor-section-height-default\" data-id=\"b83f67c\" data-element_type=\"section\" data-e-type=\"section\" data-settings=\"{&quot;jet_parallax_layout_list&quot;:[{&quot;jet_parallax_layout_image&quot;:{&quot;url&quot;:&quot;&quot;,&quot;id&quot;:&quot;&quot;,&quot;size&quot;:&quot;&quot;},&quot;_id&quot;:&quot;7b0a2b6&quot;,&quot;jet_parallax_layout_image_tablet&quot;:{&quot;url&quot;:&quot;&quot;,&quot;id&quot;:&quot;&quot;,&quot;size&quot;:&quot;&quot;},&quot;jet_parallax_layout_image_mobile&quot;:{&quot;url&quot;:&quot;&quot;,&quot;id&quot;:&quot;&quot;,&quot;size&quot;:&quot;&quot;},&quot;jet_parallax_layout_speed&quot;:{&quot;unit&quot;:&quot;%&quot;,&quot;size&quot;:50,&quot;sizes&quot;:[]},&quot;jet_parallax_layout_type&quot;:&quot;scroll&quot;,&quot;jet_parallax_layout_direction&quot;:&quot;1&quot;,&quot;jet_parallax_layout_fx_direction&quot;:null,&quot;jet_parallax_layout_z_index&quot;:&quot;&quot;,&quot;jet_parallax_layout_bg_x&quot;:50,&quot;jet_parallax_layout_bg_x_tablet&quot;:&quot;&quot;,&quot;jet_parallax_layout_bg_x_mobile&quot;:&quot;&quot;,&quot;jet_parallax_layout_bg_y&quot;:50,&quot;jet_parallax_layout_bg_y_tablet&quot;:&quot;&quot;,&quot;jet_parallax_layout_bg_y_mobile&quot;:&quot;&quot;,&quot;jet_parallax_layout_bg_size&quot;:&quot;auto&quot;,&quot;jet_parallax_layout_bg_size_tablet&quot;:&quot;&quot;,&quot;jet_parallax_layout_bg_size_mobile&quot;:&quot;&quot;,&quot;jet_parallax_layout_animation_prop&quot;:&quot;transform&quot;,&quot;jet_parallax_layout_on&quot;:[&quot;desktop&quot;,&quot;tablet&quot;]}]}\">\n\t\t\t\t\t\t<div class=\"elementor-container elementor-column-gap-default\">\n\t\t\t\t\t<div class=\"elementor-column elementor-col-50 elementor-inner-column elementor-element elementor-element-a84df16\" data-id=\"a84df16\" data-element_type=\"column\" data-e-type=\"column\">\n\t\t\t<div class=\"elementor-widget-wrap elementor-element-populated\">\n\t\t\t\t\t\t<div class=\"elementor-element elementor-element-ebe9dff elementor-widget elementor-widget-google_maps\" data-id=\"ebe9dff\" data-element_type=\"widget\" data-e-type=\"widget\" data-widget_type=\"google_maps.default\">\n\t\t\t\t<div class=\"elementor-widget-container\">\n\t\t\t\t\t\t\t<div class=\"elementor-custom-embed\">\n\t\t\t<iframe loading=\"lazy\"\n\t\t\t\t\tsrc=\"https:\/\/maps.google.com\/maps?q=Seedri%206%2C%20P%C3%A4rnu&#038;t=m&#038;z=17&#038;output=embed&#038;iwloc=near\"\n\t\t\t\t\ttitle=\"Seedri 6, P\u00e4rnu\"\n\t\t\t\t\taria-label=\"Seedri 6, P\u00e4rnu\"\n\t\t\t><\/iframe>\n\t\t<\/div>\n\t\t\t\t\t\t<\/div>\n\t\t\t\t<\/div>\n\t\t\t\t<div class=\"elementor-element elementor-element-f439f84 elementor-widget elementor-widget-text-editor\" data-id=\"f439f84\" data-element_type=\"widget\" data-e-type=\"widget\" data-widget_type=\"text-editor.default\">\n\t\t\t\t<div class=\"elementor-widget-container\">\n\t\t\t\t\t\t\t\t\t<p style=\"text-align: center;\">Receptions take place in the center of P\u00e4rnu at P\u00e4rna 12 \/ S\u00e4\u00e4se 7 (Estonia Medical Spa) 7. on the floor<\/p>\n<p style=\"text-align: center;\"><a href=\"https:\/\/heba.ee\/en\/appointment-info\/parnu\/\">SEE reception information HERE<\/a><\/p>\n\t\t\t\t\t\t\t\t<\/div>\n\t\t\t\t<\/div>\n\t\t\t\t\t<\/div>\n\t\t<\/div>\n\t\t\t\t<div class=\"elementor-column elementor-col-50 elementor-inner-column elementor-element elementor-element-c916d11\" data-id=\"c916d11\" data-element_type=\"column\" data-e-type=\"column\" data-settings=\"{&quot;background_background&quot;:&quot;classic&quot;}\">\n\t\t\t<div class=\"elementor-widget-wrap elementor-element-populated\">\n\t\t\t\t\t\t<div class=\"elementor-element elementor-element-a44e702 elementor-widget__width-initial elementor-widget elementor-widget-text-editor\" data-id=\"a44e702\" data-element_type=\"widget\" data-e-type=\"widget\" data-widget_type=\"text-editor.default\">\n\t\t\t\t<div class=\"elementor-widget-container\">\n\t\t\t\t\t\t\t\t\t<p style=\"color: #27315a; font-size: 18px;\"><strong>NB! Please choose the occupational health inspection that your employer has assigned to you! When in doubt, make an appointment for a regular health inspection or ask more information from your employer.<\/strong><\/p><p style=\"color: #27315a; font-size: 18px;\">An occupational health inspection with an aerobic fitness test takes longer, and longer appointment times are provided for it.<\/p><p style=\"color: #27315a; font-size: 18px;\">Please note that if you cancel your appointment less than 48 hours before the scheduled time or in case of a no-show to the appointment, we will invoice your employer for an appointment preparation fee of 60 euros.<\/p><p style=\"color: #27315a; font-size: 18px;\">The visit preparation fee is not applied if the reason for the cancellation is an illness verified by a doctor<\/p>\t\t\t\t\t\t\t\t<\/div>\n\t\t\t\t<\/div>\n\t\t\t\t<div class=\"elementor-element elementor-element-a2c1ea5 elementor-widget elementor-widget-html\" data-id=\"a2c1ea5\" data-element_type=\"widget\" data-e-type=\"widget\" data-widget_type=\"html.default\">\n\t\t\t\t<div class=\"elementor-widget-container\">\n\t\t\t\t\t<iframe src=\"https:\/\/connectedserver.eu\/ConnectedOnlineX\/default.aspx?key=MMffSonB&lang=en\" style='height:800px;width:90%;' frameBorder='0' ><\/iframe>\t\t\t\t<\/div>\n\t\t\t\t<\/div>\n\t\t\t\t\t<\/div>\n\t\t<\/div>\n\t\t\t\t\t<\/div>\n\t\t<\/section>\n\t\t\t\t\t<\/div>\n\t\t<\/div>\n\t\t\t\t\t<\/div>\n\t\t<\/section>\n\t\t\t\t<\/div>\n\t\t","protected":false},"excerpt":{"rendered":"<p>Booking for the P\u00e4rnu clinic Back to location selection Receptions take place in the center of P\u00e4rnu at P\u00e4rna 12 \/ S\u00e4\u00e4se 7 (Estonia Medical Spa) 7. on the floor SEE reception information HERE NB! Please choose the occupational health inspection that your employer has assigned to you! When in doubt, make an appointment for [&hellip;]<\/p>\n","protected":false},"author":5,"featured_media":0,"parent":11339,"menu_order":0,"comment_status":"closed","ping_status":"closed","template":"elementor_header_footer","meta":{"_acf_changed":false,"inline_featured_image":false,"_uf_show_specific_survey":0,"_uf_disable_surveys":false,"footnotes":""},"class_list":["post-29558","page","type-page","status-publish","hentry"],"acf":[],"yoast_head":"<!-- This site is optimized with the Yoast SEO plugin v27.2 - https:\/\/yoast.com\/product\/yoast-seo-wordpress\/ -->\n<title>P\u00e4rnu reservation - HeBA<\/title>\n<meta name=\"robots\" content=\"index, follow, max-snippet:-1, max-image-preview:large, max-video-preview:-1\" \/>\n<link rel=\"canonical\" href=\"https:\/\/heba.ee\/en\/booking-page\/parnu-reservation\/\" \/>\n<meta property=\"og:locale\" content=\"en_US\" \/>\n<meta property=\"og:type\" content=\"article\" \/>\n<meta property=\"og:title\" content=\"P\u00e4rnu reservation - HeBA\" \/>\n<meta property=\"og:description\" content=\"Booking for the P\u00e4rnu clinic Back to location selection Receptions take place in the center of P\u00e4rnu at P\u00e4rna 12 \/ S\u00e4\u00e4se 7 (Estonia Medical Spa) 7. on the floor SEE reception information HERE NB! Please choose the occupational health inspection that your employer has assigned to you! When in doubt, make an appointment for [&hellip;]\" \/>\n<meta property=\"og:url\" content=\"https:\/\/heba.ee\/en\/booking-page\/parnu-reservation\/\" \/>\n<meta property=\"og:site_name\" content=\"HeBA\" \/>\n<meta property=\"article:publisher\" content=\"https:\/\/www.facebook.com\/hebaforyou\" \/>\n<meta property=\"article:modified_time\" content=\"2025-05-08T09:07:59+00:00\" \/>\n<meta property=\"og:image\" content=\"https:\/\/heba.ee\/wp-content\/uploads\/2021\/12\/TestLogo_HeBA_SINU_TERVISEPARTNER_Blue_big-1.png\" \/>\n\t<meta property=\"og:image:width\" content=\"1076\" \/>\n\t<meta property=\"og:image:height\" content=\"1024\" \/>\n\t<meta property=\"og:image:type\" content=\"image\/png\" \/>\n<meta name=\"twitter:card\" content=\"summary_large_image\" \/>\n<meta name=\"twitter:label1\" content=\"Est. reading time\" \/>\n\t<meta name=\"twitter:data1\" content=\"1 minute\" \/>\n<script type=\"application\/ld+json\" class=\"yoast-schema-graph\">{\"@context\":\"https:\/\/schema.org\",\"@graph\":[{\"@type\":\"WebPage\",\"@id\":\"https:\/\/heba.ee\/en\/booking-page\/parnu-reservation\/\",\"url\":\"https:\/\/heba.ee\/en\/booking-page\/parnu-reservation\/\",\"name\":\"P\u00e4rnu reservation - HeBA\",\"isPartOf\":{\"@id\":\"https:\/\/heba.ee\/en\/#website\"},\"datePublished\":\"2024-01-18T11:30:45+00:00\",\"dateModified\":\"2025-05-08T09:07:59+00:00\",\"breadcrumb\":{\"@id\":\"https:\/\/heba.ee\/en\/booking-page\/parnu-reservation\/#breadcrumb\"},\"inLanguage\":\"en-US\",\"potentialAction\":[{\"@type\":\"ReadAction\",\"target\":[\"https:\/\/heba.ee\/en\/booking-page\/parnu-reservation\/\"]}]},{\"@type\":\"BreadcrumbList\",\"@id\":\"https:\/\/heba.ee\/en\/booking-page\/parnu-reservation\/#breadcrumb\",\"itemListElement\":[{\"@type\":\"ListItem\",\"position\":1,\"name\":\"Home\",\"item\":\"https:\/\/heba.ee\/en\/\"},{\"@type\":\"ListItem\",\"position\":2,\"name\":\"booking\",\"item\":\"https:\/\/heba.ee\/en\/broneerimine\/\"},{\"@type\":\"ListItem\",\"position\":3,\"name\":\"P\u00e4rnu reservation\"}]},{\"@type\":\"WebSite\",\"@id\":\"https:\/\/heba.ee\/en\/#website\",\"url\":\"https:\/\/heba.ee\/en\/\",\"name\":\"HeBA\",\"description\":\"HeBA kliinik\",\"publisher\":{\"@id\":\"https:\/\/heba.ee\/en\/#organization\"},\"potentialAction\":[{\"@type\":\"SearchAction\",\"target\":{\"@type\":\"EntryPoint\",\"urlTemplate\":\"https:\/\/heba.ee\/en\/?s={search_term_string}\"},\"query-input\":{\"@type\":\"PropertyValueSpecification\",\"valueRequired\":true,\"valueName\":\"search_term_string\"}}],\"inLanguage\":\"en-US\"},{\"@type\":\"Organization\",\"@id\":\"https:\/\/heba.ee\/en\/#organization\",\"name\":\"HeBA kliinik\",\"url\":\"https:\/\/heba.ee\/en\/\",\"logo\":{\"@type\":\"ImageObject\",\"inLanguage\":\"en-US\",\"@id\":\"https:\/\/heba.ee\/en\/#\/schema\/logo\/image\/\",\"url\":\"https:\/\/heba.ee\/wp-content\/uploads\/2021\/12\/Logo_HeBA_SINU_TERVISEPARTNER_Blue_big-1.png\",\"contentUrl\":\"https:\/\/heba.ee\/wp-content\/uploads\/2021\/12\/Logo_HeBA_SINU_TERVISEPARTNER_Blue_big-1.png\",\"width\":1076,\"height\":400,\"caption\":\"HeBA kliinik\"},\"image\":{\"@id\":\"https:\/\/heba.ee\/en\/#\/schema\/logo\/image\/\"},\"sameAs\":[\"https:\/\/www.facebook.com\/hebaforyou\"]}]}<\/script>\n<!-- \/ Yoast SEO plugin. -->","yoast_head_json":{"title":"P\u00e4rnu reservation - HeBA","robots":{"index":"index","follow":"follow","max-snippet":"max-snippet:-1","max-image-preview":"max-image-preview:large","max-video-preview":"max-video-preview:-1"},"canonical":"https:\/\/heba.ee\/en\/booking-page\/parnu-reservation\/","og_locale":"en_US","og_type":"article","og_title":"P\u00e4rnu reservation - HeBA","og_description":"Booking for the P\u00e4rnu clinic Back to location selection Receptions take place in the center of P\u00e4rnu at P\u00e4rna 12 \/ S\u00e4\u00e4se 7 (Estonia Medical Spa) 7. on the floor SEE reception information HERE NB! Please choose the occupational health inspection that your employer has assigned to you! When in doubt, make an appointment for [&hellip;]","og_url":"https:\/\/heba.ee\/en\/booking-page\/parnu-reservation\/","og_site_name":"HeBA","article_publisher":"https:\/\/www.facebook.com\/hebaforyou","article_modified_time":"2025-05-08T09:07:59+00:00","og_image":[{"width":1076,"height":1024,"url":"https:\/\/heba.ee\/wp-content\/uploads\/2021\/12\/TestLogo_HeBA_SINU_TERVISEPARTNER_Blue_big-1.png","type":"image\/png"}],"twitter_card":"summary_large_image","twitter_misc":{"Est. reading time":"1 minute"},"schema":{"@context":"https:\/\/schema.org","@graph":[{"@type":"WebPage","@id":"https:\/\/heba.ee\/en\/booking-page\/parnu-reservation\/","url":"https:\/\/heba.ee\/en\/booking-page\/parnu-reservation\/","name":"P\u00e4rnu reservation - HeBA","isPartOf":{"@id":"https:\/\/heba.ee\/en\/#website"},"datePublished":"2024-01-18T11:30:45+00:00","dateModified":"2025-05-08T09:07:59+00:00","breadcrumb":{"@id":"https:\/\/heba.ee\/en\/booking-page\/parnu-reservation\/#breadcrumb"},"inLanguage":"en-US","potentialAction":[{"@type":"ReadAction","target":["https:\/\/heba.ee\/en\/booking-page\/parnu-reservation\/"]}]},{"@type":"BreadcrumbList","@id":"https:\/\/heba.ee\/en\/booking-page\/parnu-reservation\/#breadcrumb","itemListElement":[{"@type":"ListItem","position":1,"name":"Home","item":"https:\/\/heba.ee\/en\/"},{"@type":"ListItem","position":2,"name":"booking","item":"https:\/\/heba.ee\/en\/broneerimine\/"},{"@type":"ListItem","position":3,"name":"P\u00e4rnu reservation"}]},{"@type":"WebSite","@id":"https:\/\/heba.ee\/en\/#website","url":"https:\/\/heba.ee\/en\/","name":"HeBA","description":"HeBA kliinik","publisher":{"@id":"https:\/\/heba.ee\/en\/#organization"},"potentialAction":[{"@type":"SearchAction","target":{"@type":"EntryPoint","urlTemplate":"https:\/\/heba.ee\/en\/?s={search_term_string}"},"query-input":{"@type":"PropertyValueSpecification","valueRequired":true,"valueName":"search_term_string"}}],"inLanguage":"en-US"},{"@type":"Organization","@id":"https:\/\/heba.ee\/en\/#organization","name":"HeBA kliinik","url":"https:\/\/heba.ee\/en\/","logo":{"@type":"ImageObject","inLanguage":"en-US","@id":"https:\/\/heba.ee\/en\/#\/schema\/logo\/image\/","url":"https:\/\/heba.ee\/wp-content\/uploads\/2021\/12\/Logo_HeBA_SINU_TERVISEPARTNER_Blue_big-1.png","contentUrl":"https:\/\/heba.ee\/wp-content\/uploads\/2021\/12\/Logo_HeBA_SINU_TERVISEPARTNER_Blue_big-1.png","width":1076,"height":400,"caption":"HeBA kliinik"},"image":{"@id":"https:\/\/heba.ee\/en\/#\/schema\/logo\/image\/"},"sameAs":["https:\/\/www.facebook.com\/hebaforyou"]}]}},"_links":{"self":[{"href":"https:\/\/heba.ee\/en\/wp-json\/wp\/v2\/pages\/29558","targetHints":{"allow":["GET"]}}],"collection":[{"href":"https:\/\/heba.ee\/en\/wp-json\/wp\/v2\/pages"}],"about":[{"href":"https:\/\/heba.ee\/en\/wp-json\/wp\/v2\/types\/page"}],"author":[{"embeddable":true,"href":"https:\/\/heba.ee\/en\/wp-json\/wp\/v2\/users\/5"}],"replies":[{"embeddable":true,"href":"https:\/\/heba.ee\/en\/wp-json\/wp\/v2\/comments?post=29558"}],"version-history":[{"count":10,"href":"https:\/\/heba.ee\/en\/wp-json\/wp\/v2\/pages\/29558\/revisions"}],"predecessor-version":[{"id":34551,"href":"https:\/\/heba.ee\/en\/wp-json\/wp\/v2\/pages\/29558\/revisions\/34551"}],"up":[{"embeddable":true,"href":"https:\/\/heba.ee\/en\/wp-json\/wp\/v2\/pages\/11339"}],"wp:attachment":[{"href":"https:\/\/heba.ee\/en\/wp-json\/wp\/v2\/media?parent=29558"}],"curies":[{"name":"wp","href":"https:\/\/api.w.org\/{rel}","templated":true}]}}